{"id":5804,"date":"2023-11-29T08:02:01","date_gmt":"2023-11-29T08:02:01","guid":{"rendered":"https:\/\/theantiagers.gr\/?page_id=5804"},"modified":"2023-11-29T08:04:04","modified_gmt":"2023-11-29T08:04:04","slug":"%cf%80%ce%bf%ce%bb%ce%b9%cf%84%ce%b9%ce%ba%ce%b7-%ce%b1%cf%80%ce%bf%cf%81%cf%81%ce%b7%cf%84%ce%bf%cf%85","status":"publish","type":"page","link":"https:\/\/theantiagers.gr\/de\/%cf%80%ce%bf%ce%bb%ce%b9%cf%84%ce%b9%ce%ba%ce%b7-%ce%b1%cf%80%ce%bf%cf%81%cf%81%ce%b7%cf%84%ce%bf%cf%85\/","title":{"rendered":"DATENSCHUTZRICHTLINIE"},"content":{"rendered":"<p>[et_pb_section fb_built=&#8221;1&#8243; theme_builder_area=&#8221;post_content&#8221; _builder_version=&#8221;4.23.1&#8243; _module_preset=&#8221;default&#8221;][et_pb_row _builder_version=&#8221;4.23.1&#8243; _module_preset=&#8221;default&#8221; theme_builder_area=&#8221;post_content&#8221;][et_pb_column _builder_version=&#8221;4.23.1&#8243; _module_preset=&#8221;default&#8221; type=&#8221;4_4&#8243; theme_builder_area=&#8221;post_content&#8221;][et_pb_text _builder_version=&#8221;4.23.1&#8243; _module_preset=&#8221;default&#8221; theme_builder_area=&#8221;post_content&#8221; hover_enabled=&#8221;0&#8243; sticky_enabled=&#8221;0&#8243;]<\/p>\n<h2><span lang=\"el-GR\"><b>DATENSCHUTZRICHTLINIE<\/b><\/span><\/h2>\n<p>[\/et_pb_text][\/et_pb_column][\/et_pb_row][et_pb_row _builder_version=&#8221;4.23.1&#8243; _module_preset=&#8221;default&#8221; theme_builder_area=&#8221;post_content&#8221;][et_pb_column _builder_version=&#8221;4.23.1&#8243; _module_preset=&#8221;default&#8221; type=&#8221;4_4&#8243; theme_builder_area=&#8221;post_content&#8221;][et_pb_text _builder_version=&#8221;4.23.1&#8243; _module_preset=&#8221;default&#8221; theme_builder_area=&#8221;post_content&#8221; hover_enabled=&#8221;0&#8243; sticky_enabled=&#8221;0&#8243;]<\/p>\n<p><span lang=\"el-GR\">VELIMVASAKIS PRIVATE PLASTIC SURGERY CLINIC EINZELPERS\u00d6NLICHE IKE und die ID-Nummer <\/span><span lang=\"en-US\">ANTI-AGING<\/span><span lang=\"el-GR\"> (nachfolgend das \u201eUnternehmen\u201c) ist sich der Notwendigkeit bewusst, den Schutz der personenbezogenen Daten der Benutzer dieser Website (nachfolgend die \u201eWebsite\u201c) sowie deren Sicherheit zu gew\u00e4hrleisten und ergreift daher alle erforderlichen Ma\u00dfnahmen, um diese Ziele zu erreichen.<\/span><\/p>\n<p><span lang=\"el-GR\">Diese Datenschutzrichtlinie, die einen integralen Bestandteil der Nutzungsbedingungen der Website bildet, beschreibt klar die Arten personenbezogener Daten von Besuchern\/Benutzern, die vom Unternehmen im Rahmen ihres Zugangs zum Online-Bereich erfasst werden k\u00f6nnen.<\/span><\/p>\n<p><span lang=\"el-GR\">Insbesondere wird beschrieben, wie die personenbezogenen Daten der Nutzer genutzt, verarbeitet und gespeichert werden k\u00f6nnen und zu welchen Zwecken, stets im Einklang mit den geltenden Rechtsvorschriften zum Schutz personenbezogener Daten und insbesondere im Einklang mit der Datenschutz-Grundverordnung (EU 2016\/679). <\/span>DSGVO<span lang=\"el-GR\">) und Gesetz 4624\/2019. Falls ein Benutzer mit diesen Bedingungen nicht einverstanden ist, darf er die entsprechenden Felder f\u00fcr seinen Login und die Kommunikation des Unternehmens mit ihm nicht ausf\u00fcllen, sondern muss andere Kommunikationswege mit den Verantwortlichen des Unternehmens nutzen. Diese Datenschutzrichtlinie gilt in keiner Weise f\u00fcr die Beziehung zwischen den Benutzern der Website und jeglichen Diensten, die nicht ihrer Kontrolle und\/oder ihrem Eigentum unterliegen.<\/span><\/p>\n<p><span lang=\"el-GR\">PERS\u00d6NLICHE BENUTZERDATEN<\/span><\/p>\n<p>Der<span lang=\"el-GR\"> Besucher\/Nutzer k\u00f6nnen die vom Unternehmen verwaltete Website besuchen, ohne ihre Identit\u00e4t preiszugeben und ohne pers\u00f6nliche Daten anzugeben. In bestimmten Bereichen der Website k\u00f6nnen sie nach Belieben die jeweils angeforderten personenbezogenen Daten eingeben, zum einen, wenn sie mit dem Unternehmen kommunizieren m\u00f6chten, indem sie das entsprechende Kontaktformular ausf\u00fcllen, und zum anderen, wenn sie einen Termin mit einem Partner des Unternehmens vereinbaren m\u00f6chten, im Feld \u201eTermin buchen\u201c. Gleichzeitig k\u00f6nnen sie, sofern sie dem ausdr\u00fccklich zustimmen, ihre E-Mail-Adresse angeben (<\/span>e<span lang=\"el-GR\">&#8211;<\/span>E-Mail<span lang=\"el-GR\">) im Fachgebiet <\/span>Newsletter<span lang=\"el-GR\"> um Neuigkeiten und Updates vom Unternehmen zu erhalten. <\/span><\/p>\n<p><span lang=\"el-GR\">Im Rahmen der Nutzung der Website kann das Unternehmen rechtm\u00e4\u00dfig personenbezogene Daten seiner Benutzer erfassen, die in die folgenden Kategorien fallen:<\/span><\/p>\n<p><span lang=\"el-GR\">Personenbezogene Daten, die der Benutzer (nat\u00fcrliche Person) beim Ausf\u00fcllen des Kontaktformulars eingeben muss, um mit dem Unternehmen Kontakt aufzunehmen. Insbesondere werden folgende personenbezogene Daten zum Ausf\u00fcllen des obigen Kontaktformulars ben\u00f6tigt: Vor- und Nachname (Pflichtfeld), Telefonnummer (Pflichtfeld), E-Mail-Adresse\/<\/span>e<span lang=\"el-GR\">&#8211;<\/span>E-Mail<span lang=\"el-GR\">(obligatorisch) und alle Daten, die der Benutzer in die an die Kommunikationsverbindung gesendete Nachricht einf\u00fcgt.<\/span><\/p>\n<p><span lang=\"el-GR\">Personenbezogene Daten, die der Besucher\/Benutzer in den entsprechenden Feldern ausf\u00fcllen muss, um einen Termin mit dem Unternehmen im Feld \u201eTermin buchen\u201c zu vereinbaren. Konkret gibt der Besucher\/Benutzer beim Ausf\u00fcllen der entsprechenden Felder der Anfrage folgende Daten ein: Name, <\/span>e<span lang=\"el-GR\">&#8211;<\/span>E-Mail<span lang=\"el-GR\">, Telefonnummer und alle Daten, die der Benutzer in das Feld eingibt (Ihre Nachricht).<\/span><\/p>\n<p><span lang=\"el-GR\">Personenbezogene Daten, wie beispielsweise die E-Mail-Adresse, die der Besucher\/Benutzer angeben muss, um Informationen zu erhalten <\/span>E-Mail<span lang=\"el-GR\"> f\u00fcr die neuesten Nachrichten und Angebote des Unternehmens an seine pers\u00f6nliche E-Mail-Adresse.<\/span><\/p>\n<p><span lang=\"el-GR\">Personenbezogene Daten, die der Besucher\/Benutzer in den entsprechenden Feldern ausf\u00fcllen muss, nachdem er sich \u00fcber die Adresse mit der Website verbunden hat <\/span>e<span lang=\"el-GR\">&#8211;<\/span>E-Mail<span lang=\"el-GR\"> und Passwort, das der Benutzer entweder nach der Anmeldung \u00fcber ein pers\u00f6nliches Konto erstellt <\/span>Facebook<span lang=\"el-GR\"> oder \u00fcber Konto anmelden <\/span>Google<span lang=\"el-GR\">Durch die Anmeldung mit einer der oben genannten Methoden erh\u00e4lt der Benutzer ein pers\u00f6nliches Konto auf der Website und kann \u00fcber dieses Konto einen Termin mit dem Unternehmen vereinbaren. Zur Terminvereinbarung wird er gebeten, personenbezogene Daten wie Vor- und Nachname (Pflichtfeld), Telefonnummer (Pflichtfeld), Geburtsdatum (Pflichtfeld) und die Angabe, ob er Neupatient ist (Pflichtfeld), sowie alle personenbezogenen Daten zu Debit-\/Kreditkarten im Rahmen der elektronischen Bezahlung der vom Benutzer gew\u00e4hlten Leistungen anzugeben. Insbesondere wird der Benutzer gebeten, zwischen den folgenden Zahlungsmethoden zu w\u00e4hlen: Kredit-\/Debitkarte, Barzahlung in der Klinik, Zahlung per Bankeinzahlung.<\/span><\/p>\n<p><span lang=\"el-GR\">Das Unternehmen nutzt au\u00dferdem den Service von <\/span>Google<span lang=\"el-GR\">, \u201e<\/span>Google<span lang=\"el-GR\"> <\/span>Analyse<span lang=\"el-GR\">\u201eum zus\u00e4tzliche Informationen \u00fcber das Verhalten des Benutzers innerhalb seiner Software zu sammeln, wie etwa die damit verbrachte Zeit und ihre verschiedenen Funktionen, sowie die Aufzeichnung der Verwendung einiger von ihnen, Informationen, die jedoch gem\u00e4\u00df der geltenden Gesetzgebung zum Schutz personenbezogener Daten keine personenbezogenen Daten der Anwendungsbenutzer darstellen.<\/span><\/p>\n<p><span lang=\"el-GR\">VERWENDUNG PERSONENBEZOGENER DATEN<\/span><\/p>\n<p><span lang=\"el-GR\">Das Unternehmen ist f\u00fcr den Schutz der personenbezogenen Daten verantwortlich, die es \u00fcber die Website sammelt, sowie daf\u00fcr, alle beteiligten Mitarbeiter \u00fcber die Datenschutzrichtlinie zu informieren.<\/span><\/p>\n<p><span lang=\"el-GR\">Das Unternehmen garantiert, dass alle seine Mitarbeiter sowie alle Mitgliedspartner, aus denen es besteht, diese Datenschutzrichtlinie gewissenhaft umsetzen und die geltenden Gesetze zum Schutz personenbezogener Daten einhalten.<\/span><\/p>\n<p><span lang=\"el-GR\">Insbesondere speichert das Unternehmen die oben genannten personenbezogenen Daten der Benutzer gem\u00e4\u00df den Anforderungen der neuen Datenschutz-Grundverordnung (EU 2016\/679). <\/span>DSGVO<span lang=\"el-GR\">) und Gesetz 4624\/2019. Die im Archiv des Unternehmens registrierten Daten der Website-Besucher\/Benutzer sind diejenigen, die der Benutzer (Betroffener) selbst und mit seiner ausdr\u00fccklichen Zustimmung w\u00e4hrend seiner Registrierung in den entsprechenden Feldern der Website gem\u00e4\u00df dem Folgenden angegeben hat.<\/span><\/p>\n<p><span lang=\"el-GR\">Die Registrierung der angeforderten personenbezogenen Daten durch die Benutzer erfolgt freiwillig und die vom Unternehmen gesammelten personenbezogenen Daten dienen dazu, sie zu identifizieren, um mit ihnen zu kommunizieren und auf der Grundlage der besonderen Bed\u00fcrfnisse jedes Benutzers im Rahmen der Vereinbarung eines Arzttermins oder der Zusendung von Informationsnachrichten mit ihnen zu interagieren. <\/span>Newsletter<span lang=\"el-GR\">Das Unternehmen verpflichtet sich, die von ihm rechtm\u00e4\u00dfig erhobenen personenbezogenen Daten der Besucher\/Nutzer nicht auf andere Weise und zu keinem anderen Zweck zu verarbeiten, zu ver\u00f6ffentlichen oder weiterzugeben.<\/span><\/p>\n<p lang=\"el-GR\">\n<p><span lang=\"el-GR\">BENUTZERRECHTE<\/span><\/p>\n<p><span lang=\"el-GR\">Die Angabe der oben genannten Informationen ist optional, da Sie diese nur dann angeben m\u00fcssen, wenn Sie mit dem Unternehmen Kontakt aufnehmen, Informationen erhalten m\u00f6chten <\/span>Newsletter<span lang=\"el-GR\"> oder einen Arzttermin vereinbaren. Wenn Sie keine Informationen bereitstellen und\/oder die Bedingungen der Datenverarbeitung nicht akzeptieren, k\u00f6nnen Ihre Daten nicht erhoben und die Verarbeitung zur Erreichung der oben genannten Zwecke nicht durchgef\u00fchrt werden.<\/span><\/p>\n<p>Der<span lang=\"el-GR\"> Der Benutzer beh\u00e4lt das Recht: <\/span><\/p>\n<p><span lang=\"el-GR\">a) eine schriftliche Antwort auf ihre Anfrage an die Gesellschaft zu erhalten, wenn personenbezogene Daten, die sie betreffen, verarbeitet werden oder wurden, <\/span><\/p>\n<p><span lang=\"el-GR\">b) unverz\u00fcglich und in verst\u00e4ndlicher und klarer Form erneut Auskunft \u00fcber alle ihn betreffenden Daten, deren Herkunft, die Zwecke der Verarbeitung, die Empf\u00e4nger oder Kategorien von Empf\u00e4ngern, den Stand der Verarbeitung seit der letzten Auskunft oder Mitteilung sowie die Logik der automatisierten Verarbeitung zu erhalten, <\/span><\/p>\n<p><span lang=\"el-GR\">c) die Berichtigung, L\u00f6schung oder Sperrung von Daten zu verlangen, deren Verarbeitung nicht im Einklang mit den Bestimmungen der neuen Verordnung zum Schutz personenbezogener Daten steht (<\/span>DSGVO<span lang=\"el-GR\">), insbesondere aufgrund der Unvollst\u00e4ndigkeit oder Unrichtigkeit der Daten und der Mitteilung der oben genannten Berichtigung, L\u00f6schung oder Sperrung an Dritte, sofern dies nicht unm\u00f6glich ist oder keinen unverh\u00e4ltnism\u00e4\u00dfigen Aufwand erfordert, oder wenn der Grund f\u00fcr die Verarbeitung der Daten wegf\u00e4llt oder die betroffenen Personen ihre Einwilligung widerrufen (falls diese erforderlich ist), oder wenn die Daten unrechtm\u00e4\u00dfig verarbeitet wurden usw. Die betroffenen Personen haben das Recht, die L\u00f6schung der Daten zu verlangen, <\/span><\/p>\n<p><span lang=\"el-GR\">d) seine Einwilligung jederzeit zu widerrufen,<\/span><\/p>\n<p><span lang=\"el-GR\">e) jederzeit beim Verantwortlichen Einspruch gegen die Verarbeitung der ihn betreffenden Daten einzulegen, eine Einschr\u00e4nkung der Verarbeitung zu beantragen und die Identit\u00e4t der Verantwortlichen und ihrer Vertreter zu erfahren,<\/span><\/p>\n<p><span lang=\"el-GR\">f) im Falle einer rechtswidrigen Verarbeitung seiner personenbezogenen Daten bei der zust\u00e4ndigen Aufsichtsbeh\u00f6rde Beschwerde einzulegen,<\/span><\/p>\n<p><span lang=\"el-GR\">g) die \u00dcbertragbarkeit seiner personenbezogenen Daten gem\u00e4\u00df den Bestimmungen der Verordnung zum Schutz personenbezogener Daten (<\/span>DSGVO<span lang=\"el-GR\">(EU) 2016\/679.<\/span><\/p>\n<p><span lang=\"el-GR\">VON UNS WEITERGEGEBENE INFORMATIONEN<\/span><\/p>\n<p><span lang=\"el-GR\">Das Unternehmen handelt nicht mit den personenbezogenen Daten der Nutzer und gibt sie in keiner Weise an Dritte au\u00dferhalb des Unternehmens weiter, gibt sie nicht weiter, \u00fcbermittelt sie nicht und verteilt sie auch nicht in keiner Weise. Die Weitergabe personenbezogener Daten an Dritte ist nur ausnahmsweise zul\u00e4ssig, wenn dies gesetzlich vorgeschrieben ist oder eine gerichtliche oder staatsanwaltschaftliche Anordnung vorliegt.<\/span><\/p>\n<p><span lang=\"el-GR\">VERARBEITUNGSDAUER<\/span><\/p>\n<p><span lang=\"el-GR\">Die von den Benutzern erhobenen personenbezogenen Daten werden vom Unternehmen so lange gespeichert und aufbewahrt, wie es zur Erf\u00fcllung des Zwecks, f\u00fcr den sie erhoben wurden, erforderlich ist, was in jedem Fall angemessen ist.<\/span><\/p>\n<p lang=\"el-GR\">\n<p><span lang=\"el-GR\">AUSNAHMEVERFAHREN<\/span><\/p>\n<p><span lang=\"el-GR\">Der Benutzer beh\u00e4lt sich das Recht vor, das Unternehmen aufzufordern, alle \u00fcber ihn gespeicherten Informationen zu l\u00f6schen, indem er seinen entsprechenden Antrag an die folgende E-Mail-Adresse sendet: <\/span><span lang=\"en-US\">Information<\/span><span lang=\"el-GR\">@<\/span><span lang=\"en-US\">Anti-Aging<\/span><span lang=\"el-GR\">.<\/span><span lang=\"en-US\">gr<\/span><\/p>\n<p><span lang=\"el-GR\">Schlie\u00dflich kann der Nutzer der Datenerhebung widersprechen. <\/span>Google<span lang=\"el-GR\"> <\/span>Cookie-Hinweis<span lang=\"el-GR\"> durch \u00c4nderung seiner pers\u00f6nlichen Einstellungen in <\/span>Google<span lang=\"el-GR\">&#8216;<\/span>S<span lang=\"el-GR\"> <\/span>Anzeige<span lang=\"el-GR\"> <\/span>Einstellungen<span lang=\"el-GR\">.<\/span><\/p>\n<p><span lang=\"el-GR\">\u00c4NDERUNGEN<\/span><\/p>\n<p><span lang=\"el-GR\">Unsere Datenschutzrichtlinie kann sich von Zeit zu Zeit \u00e4ndern. Alle \u00c4nderungen der Website-Datenschutzrichtlinie werden auf dieser Website ver\u00f6ffentlicht.<\/span><\/p>\n<p lang=\"el-GR\">\n<p><span lang=\"el-GR\">KONTAKTDATEN DES UNTERNEHMENS: <\/span><\/p>\n<p><span lang=\"el-GR\">Controller: VELIMVASAKIS PRIVATE PLASTIC SURGERY CLINIC EINZELPERS\u00d6NLICHE IKE<\/span><\/p>\n<p><span lang=\"el-GR\">Ansprechpartner: \u2026\u2026\u2026\u2026<\/span><\/p>\n<p lang=\"el-GR\">\n<p><span lang=\"el-GR\">Bei Fragen und\/oder Kommunikationsanfragen zu dieser Aktualisierung (oder einer m\u00f6glichen \u00c4nderung der Daten), der Datenverarbeitung und\/oder dem Widerruf der Einwilligung k\u00f6nnen Sie sich schriftlich an das Unternehmen, das f\u00fcr die Datenverarbeitung verantwortlich ist, unter der folgenden E-Mail-Adresse wenden: <\/span><span lang=\"en-US\">Information<\/span><span lang=\"el-GR\">@<\/span><span lang=\"en-US\">Anti-Aging<\/span><span lang=\"el-GR\">.<\/span>gr<span lang=\"el-GR\"> sowie unter der Nummer: 210 6777101.<\/span><\/p>\n<p>[\/et_pb_text][\/et_pb_column][\/et_pb_row][\/et_pb_section]<\/p>","protected":false},"excerpt":{"rendered":"<p>\u03a0\u039f\u039b\u0399\u03a4\u0399\u039a\u0397 \u0391\u03a0\u039f\u03a1\u03a1\u0397\u03a4\u039f\u03a5\u0397 \u0392\u0395\u039b\u0397\u039c\u0392\u0391\u03a3\u0391\u039a\u0397\u03a3 \u0399\u0394\u03a9\u03a4\u0399\u039a\u039f \u0399\u0391\u03a4\u03a1\u0395\u0399\u039f \u03a0\u039b\u0391\u03a3\u03a4\u0399\u039a\u0397\u03a3 \u03a7\u0395\u0399\u03a1\u039f\u03a5\u03a1\u0393\u0399\u039a\u0397\u03a3 \u039c\u039f\u039d\u039f\u03a0\u03a1\u039f\u03a3\u03a9\u03a0\u0397 \u0399\u039a\u0395 \u03ba\u03b1\u03b9 \u03c4\u03bf\u03bd \u03b4.\u03c4. ANTIAGERS (\u03b5\u03c6\u03b5\u03be\u03ae\u03c2 \u03b7 \u00ab\u0395\u03c4\u03b1\u03b9\u03c1\u03b5\u03af\u03b1\u00bb), \u03b1\u03bd\u03b1\u03b3\u03bd\u03c9\u03c1\u03af\u03b6\u03b5\u03b9 \u03c0\u03bb\u03ae\u03c1\u03c9\u03c2 \u03c4\u03b7\u03bd \u03b1\u03bd\u03b1\u03b3\u03ba\u03b1\u03b9\u03cc\u03c4\u03b7\u03c4\u03b1 \u03c4\u03b7\u03c2 \u03b4\u03b9\u03b1\u03c3\u03c6\u03ac\u03bb\u03b9\u03c3\u03b7\u03c2 \u03c4\u03bf\u03c5 \u03b1\u03c0\u03bf\u03c1\u03c1\u03ae\u03c4\u03bf\u03c5 \u03c4\u03c9\u03bd \u03c0\u03c1\u03bf\u03c3\u03c9\u03c0\u03b9\u03ba\u03ce\u03bd \u03b4\u03b5\u03b4\u03bf\u03bc\u03ad\u03bd\u03c9\u03bd \u03c4\u03c9\u03bd \u03c7\u03c1\u03b7\u03c3\u03c4\u03ce\u03bd \u03c4\u03b7\u03c2 \u03c0\u03b1\u03c1\u03bf\u03cd\u03c3\u03b1\u03c2 \u03b9\u03c3\u03c4\u03bf\u03c3\u03b5\u03bb\u03af\u03b4\u03b1\u03c2 \u03c4\u03b7\u03c2 (\u03b5\u03c6\u03b5\u03be\u03ae\u03c2 \u03b7 \u00ab\u0399\u03c3\u03c4\u03bf\u03c3\u03b5\u03bb\u03af\u03b4\u03b1\u00bb) \u03b1\u03bb\u03bb\u03ac \u03ba\u03b1\u03b9 \u03c4\u03b7\u03c2 \u03b1\u03c3\u03c6\u03ac\u03bb\u03b5\u03b9\u03b1\u03c2 \u03c4\u03bf\u03c5\u03c2 \u03ba\u03b1\u03b9 \u03c9\u03c2 \u03b5\u03ba \u03c4\u03bf\u03cd\u03c4\u03bf\u03c5 \u03c0\u03c1\u03bf\u03b2\u03b1\u03af\u03bd\u03b5\u03b9 \u03c3\u03b5 \u03cc\u03bb\u03b5\u03c2 \u03b5\u03ba\u03b5\u03af\u03bd\u03b5\u03c2 \u03c4\u03b9\u03c2 \u03b1\u03c0\u03b1\u03c1\u03b1\u03af\u03c4\u03b7\u03c4\u03b5\u03c2 \u03b5\u03bd\u03ad\u03c1\u03b3\u03b5\u03b9\u03b5\u03c2 \u03b3\u03b9\u03b1 \u03c4\u03b7\u03bd \u03b5\u03c0\u03af\u03c4\u03b5\u03c5\u03be\u03b7 [&hellip;]<\/p>","protected":false},"author":1,"featured_media":0,"parent":0,"menu_order":0,"comment_status":"closed","ping_status":"closed","template":"","meta":{"_et_pb_use_builder":"on","_et_pb_old_content":"","_et_gb_content_width":"","footnotes":""},"class_list":["post-5804","page","type-page","status-publish","hentry"],"_links":{"self":[{"href":"https:\/\/theantiagers.gr\/de\/wp-json\/wp\/v2\/pages\/5804","targetHints":{"allow":["GET"]}}],"collection":[{"href":"https:\/\/theantiagers.gr\/de\/wp-json\/wp\/v2\/pages"}],"about":[{"href":"https:\/\/theantiagers.gr\/de\/wp-json\/wp\/v2\/types\/page"}],"author":[{"embeddable":true,"href":"https:\/\/theantiagers.gr\/de\/wp-json\/wp\/v2\/users\/1"}],"replies":[{"embeddable":true,"href":"https:\/\/theantiagers.gr\/de\/wp-json\/wp\/v2\/comments?post=5804"}],"version-history":[{"count":3,"href":"https:\/\/theantiagers.gr\/de\/wp-json\/wp\/v2\/pages\/5804\/revisions"}],"predecessor-version":[{"id":5807,"href":"https:\/\/theantiagers.gr\/de\/wp-json\/wp\/v2\/pages\/5804\/revisions\/5807"}],"wp:attachment":[{"href":"https:\/\/theantiagers.gr\/de\/wp-json\/wp\/v2\/media?parent=5804"}],"curies":[{"name":"wp","href":"https:\/\/api.w.org\/{rel}","templated":true}]}}