{"id":5808,"date":"2023-11-29T08:07:01","date_gmt":"2023-11-29T08:07:01","guid":{"rendered":"https:\/\/theantiagers.gr\/?page_id=5808"},"modified":"2023-11-29T08:08:20","modified_gmt":"2023-11-29T08:08:20","slug":"%ce%bf%cf%81%ce%bf%ce%b9-%cf%87%cf%81%ce%b7%cf%83%ce%b7%cf%82","status":"publish","type":"page","link":"https:\/\/theantiagers.gr\/de\/%ce%bf%cf%81%ce%bf%ce%b9-%cf%87%cf%81%ce%b7%cf%83%ce%b7%cf%82\/","title":{"rendered":"NUTZUNGSBEDINGUNGEN"},"content":{"rendered":"<p>[et_pb_section fb_built=&#8221;1&#8243; _builder_version=&#8221;4.23.1&#8243; _module_preset=&#8221;default&#8221; global_colors_info=&#8221;{}&#8221;][et_pb_row _builder_version=&#8221;4.23.1&#8243; _module_preset=&#8221;default&#8221; global_colors_info=&#8221;{}&#8221;][et_pb_column type=&#8221;4_4&#8243; _builder_version=&#8221;4.23.1&#8243; _module_preset=&#8221;default&#8221; global_colors_info=&#8221;{}&#8221;][et_pb_text _builder_version=&#8221;4.23.1&#8243; _module_preset=&#8221;default&#8221; hover_enabled=&#8221;0&#8243; global_colors_info=&#8221;{}&#8221; sticky_enabled=&#8221;0&#8243;]<\/p>\n<h2><span lang=\"el-GR\"><b>NUTZUNGSBEDINGUNGEN<\/b><\/span><\/h2>\n<p>[\/et_pb_text][\/et_pb_column][\/et_pb_row][et_pb_row _builder_version=&#8221;4.23.1&#8243; _module_preset=&#8221;default&#8221; global_colors_info=&#8221;{}&#8221; min_height=&#8221;2761.2px&#8221;][et_pb_column type=&#8221;4_4&#8243; _builder_version=&#8221;4.23.1&#8243; _module_preset=&#8221;default&#8221; global_colors_info=&#8221;{}&#8221;][et_pb_text _builder_version=&#8221;4.23.1&#8243; _module_preset=&#8221;default&#8221; hover_enabled=&#8221;0&#8243; global_colors_info=&#8221;{}&#8221; sticky_enabled=&#8221;0&#8243;]<\/p>\n<p><span lang=\"el-GR\">Die Nutzung dieser Website (nachfolgend \u201eWebsite\u201c) unterliegt den hierin dargelegten Bedingungen und gilt f\u00fcr alle ihre Inhalte und ihre einzelnen Seiten.<\/span><\/p>\n<p><span lang=\"el-GR\">Das Durchsuchen, der Zugriff oder die Nutzung der Website und der dort verf\u00fcgbaren Dienste gilt als Nachweis daf\u00fcr, dass Sie alle Nutzungsbedingungen gelesen, verstanden und akzeptiert haben. Lesen Sie daher deren Inhalt vorab sorgf\u00e4ltig durch. Sollten Sie mit den Nutzungsbedingungen der Website nicht einverstanden sein, d\u00fcrfen Sie deren Dienste und Inhalte nicht nutzen.<\/span><\/p>\n<p><span lang=\"el-GR\">Der vorliegende Inhalt der Website geh\u00f6rt ausschlie\u00dflich dem Unternehmen VELIMVASAKIS PRIVATE PLASTIC SURGERY CLINIC SOLE ENTITY und der ID-Nummer <\/span><span lang=\"en-US\">ANTI-AGING<\/span><span lang=\"el-GR\"> (nachfolgend \u201eUnternehmen\u201c genannt) ist durch nationale und internationale Gesetze und Konventionen gesch\u00fctzt, insbesondere durch Gesetze zum Schutz geistigen Eigentums und Marken. Jegliche Vervielf\u00e4ltigung der Inhalte dieser Website, ganz oder teilweise, ist ohne vorherige schriftliche Zustimmung des Unternehmens ausdr\u00fccklich untersagt.<\/span><\/p>\n<p><span lang=\"el-GR\">NUTZUNGSBEDINGUNGEN<\/span><\/p>\n<p><span lang=\"el-GR\">Der Zugriff auf die Website und ihre Inhalte sowie deren Nutzung liegen in der alleinigen Verantwortung jedes Besuchers\/Benutzers. <\/span><\/p>\n<p><span lang=\"el-GR\">Die Nutzung der Website ist ausschlie\u00dflich voll gesch\u00e4ftsf\u00e4higen Personen ab 18 Jahren gestattet. Mit der Nutzung der Website erkl\u00e4rt der Nutzer automatisch, das 18. Lebensjahr vollendet zu haben.<\/span><\/p>\n<p><span lang=\"el-GR\">Der Besucher\/Nutzer kann die vom Unternehmen verwalteten Websites besuchen, ohne seine Identit\u00e4t preiszugeben und ohne personenbezogene Daten anzugeben. In einem speziellen Bereich der Website k\u00f6nnen Sie (nachfolgend \u201eNutzer\u201c) auf Wunsch Ihre jeweils angeforderten personenbezogenen Daten in das Kontaktformular des Unternehmens eingeben, um mit einem unserer kompetenten Mitarbeiter Kontakt aufzunehmen.<\/span><\/p>\n<p><span lang=\"el-GR\">HAFTUNGSBESCHR\u00c4NKUNG<\/span><\/p>\n<p><span lang=\"el-GR\">Durch die Erstellung dieser Website m\u00f6chte das Unternehmen die \u00d6ffentlichkeit \u00fcber das Unternehmen und seine Dienstleistungen informieren.<\/span><\/p>\n<p><span lang=\"el-GR\">Die Informationen zu Dienstleistungen und L\u00f6sungen auf dieser Website werden Ihnen vom Unternehmen zur Verf\u00fcgung gestellt und dienen der allgemeinen Information. Die bereitgestellten Informationen stellen keine vollst\u00e4ndige medizinische Beratung dar. <\/span><\/p>\n<p><span lang=\"el-GR\">Die Website enth\u00e4lt Informationen zu Erkrankungen und deren Behandlungsm\u00f6glichkeiten. Das Unternehmen \u00fcbernimmt keine Gew\u00e4hr daf\u00fcr, dass die Inhalte der Website f\u00fcr die Nutzung au\u00dferhalb der Zielgruppe geeignet oder verf\u00fcgbar sind. Dar\u00fcber hinaus sind die Inhalte der Website nicht als medizinische Beratung oder Empfehlung auszulegen und nicht als Grundlage f\u00fcr Entscheidungen oder Handlungen zu verwenden. Spezifische medizinische Beratung sollte stets von einem entsprechend qualifizierten Arzt eingeholt werden. Die Inhalte dieser Website ersetzen in keiner Weise eine pers\u00f6nliche medizinische Beratung, Diagnose, Prognose oder L\u00f6sung.<\/span><\/p>\n<p><span lang=\"el-GR\">Das Unternehmen ist bestrebt, die Richtigkeit der Informationen zu den auf der Website angebotenen Dienstleistungen sicherzustellen. Abweichungen sind jedoch m\u00f6glich. Bei Fragen oder Anmerkungen zum Inhalt der Leistungsbeschreibungen empfehlen wir Ihnen, Kontakt mit uns aufzunehmen. <\/span><\/p>\n<p><span lang=\"el-GR\">Der Besucher\/Nutzer \u00fcbernimmt alle Risiken, die sich aus dem Zugriff auf und der Nutzung der Website ergeben k\u00f6nnen. Das Unternehmen und alle an der Erstellung, Gestaltung oder Bereitstellung dieser Website beteiligten Parteien haften nicht f\u00fcr Sch\u00e4den des Besuchers\/Nutzers, einschlie\u00dflich, aber nicht beschr\u00e4nkt auf direkte, indirekte, zuf\u00e4llige, Folge- oder sonstige Sch\u00e4den, die sich aus dem Zugriff auf diese Website, ihrer Nutzung oder der Unm\u00f6glichkeit der Nutzung ergeben k\u00f6nnen, es sei denn, es wird nachgewiesen, dass die Unterlassung auf Betrug seitens der Unternehmensleitung mit der Absicht zur\u00fcckzuf\u00fchren ist, einem bestimmten Besucher\/Nutzer Schaden zuzuf\u00fcgen. Der Haftungsausschluss umfasst auch Sch\u00e4den durch die \u00dcbertragung eines Virus auf die elektronischen Ger\u00e4te des Nutzers.<\/span><\/p>\n<p><span lang=\"el-GR\">Schlie\u00dflich haftet das Unternehmen unter keinen Umst\u00e4nden f\u00fcr Anspr\u00fcche rechtlicher, zivil- und\/oder strafrechtlicher Art oder f\u00fcr Sch\u00e4den (positive, spezielle oder Folgesch\u00e4den, die beispielsweise und ohne Einschr\u00e4nkung alternativ und\/oder kumulativ aus entgangenem Gewinn, Datenverlust, entgangenem Gewinn, finanzieller Befriedigung usw. bestehen) von Besuchern\/Benutzern der Website oder Dritten aus irgendeinem Grund im Zusammenhang mit dem Betrieb oder der Nutzung der Website, selbst wenn das Unternehmen hier\u00fcber informiert ist.<\/span><\/p>\n<p><span lang=\"el-GR\">COPYRIGHT<\/span><\/p>\n<p><span lang=\"el-GR\">Der Inhalt der Website, einschlie\u00dflich aller Informationen, Marken und Logos des Unternehmens, stellt geistiges Eigentum des Unternehmens dar und ist gem\u00e4\u00df den geltenden nationalen und europ\u00e4ischen Gesetzen zum Schutz geistigen Eigentums (Gesetz 2121\/1993, Richtlinien 2000\/31\/EG, 2001\/29\/EG, 2017\/1564, 2019\/790 und Gesetz 4679\/2020) gesch\u00fctzt. Daher ist jegliches Kopieren, Reproduzieren, Verkaufen, Ver\u00f6ffentlichen oder allgemein illegale kommerzielle oder sonstige Verwerten dieser Website und ihrer Inhalte ohne vorherige schriftliche Zustimmung des Unternehmens nicht gestattet. Andernfalls ist der Besucher\/Nutzer gem\u00e4\u00df den Bestimmungen der oben genannten einschl\u00e4gigen Gesetze schadensersatzpflichtig. Jede Handlung oder Unterlassung, die zu einer Verletzung des geistigen und gewerblichen Eigentums des Unternehmens f\u00fchrt, kann gem\u00e4\u00df Gesetz 2121\/1993 und den einschl\u00e4gigen europ\u00e4ischen Rechtsvorschriften positive oder Folgesch\u00e4den und sogar die strafrechtliche Haftung der T\u00e4ter nach sich ziehen.<\/span><\/p>\n<p><span lang=\"el-GR\">Die Inhalte der Website werden den Besuchern\/Benutzern zur pers\u00f6nlichen Nutzung zur Verf\u00fcgung gestellt und d\u00fcrfen nicht f\u00fcr kommerzielle Zwecke bereitgestellt werden.<\/span><\/p>\n<p><span lang=\"el-GR\">\u00c4NDERUNGEN AN DER WEBSITE<\/span><\/p>\n<p><span lang=\"el-GR\">Um die Kommunikation und die Bereitstellung seiner Dienste zu optimieren, kann das Unternehmen die Funktionalit\u00e4t und einige Funktionen der Website sowie die entsprechenden Bedingungen jederzeit und ohne Vorank\u00fcndigung \u00e4ndern. Bei \u00c4nderungen der Nutzungsbedingungen ver\u00f6ffentlicht das Unternehmen die jeweils aktuelle Version der Nutzungsbedingungen online. Die fortgesetzte Nutzung der Website oder ihrer Dienste gilt als Zustimmung zu den neuen Bedingungen. Daher wird jeder Besucher\/Nutzer gebeten, die Nutzungsbedingungen regelm\u00e4\u00dfig zu \u00fcberpr\u00fcfen.<\/span><\/p>\n<p><span lang=\"el-GR\">Es gelten die jeweils aktuellen und rechtsverbindlichen Nutzungsbedingungen.<\/span><\/p>\n<p><span lang=\"el-GR\">ZUST\u00c4NDIGKEIT<\/span><\/p>\n<p><span lang=\"el-GR\">Der Besucher\/Nutzer der Website akzeptiert ausdr\u00fccklich, dass f\u00fcr alle Streitigkeiten, die sich aus der Anwendung der Bedingungen und der allgemeinen Nutzung der Website ergeben, ausschlie\u00dflich die Gerichte von Athen zust\u00e4ndig sind und griechisches Recht gilt. Sollte eine der oben genannten Bedingungen durch eine Gerichtsentscheidung f\u00fcr ung\u00fcltig erkl\u00e4rt werden, ber\u00fchrt dies nicht die G\u00fcltigkeit und Wirksamkeit der \u00fcbrigen Bedingungen, die in vollem Umfang in Kraft bleiben. Ebenso bleibt die G\u00fcltigkeit und\/oder Wirksamkeit der \u00fcbrigen Bedingungen unber\u00fchrt, falls einzelne Nutzungsbedingungen nicht durchsetzbar sind. Die ung\u00fcltigen und\/oder nicht durchsetzbaren Bedingungen werden durch neue ersetzt, sodass diese im gr\u00f6\u00dftm\u00f6glichen Umfang g\u00fcltig und durchsetzbar bleiben.<\/span><\/p>\n<p><span lang=\"el-GR\">ANSCHL\u00dcSSE<\/span><\/p>\n<p><span lang=\"el-GR\">Sollte die Website jetzt oder in Zukunft \u00fcber Links Zugriff auf Websites Dritter erm\u00f6glichen, geschieht dies ausschlie\u00dflich aus Gr\u00fcnden der Benutzerfreundlichkeit. Die Nutzung dieser Links erfolgt auf eigene Verantwortung der Besucher\/Nutzer. Die entsprechenden Websites unterliegen ihren eigenen Nutzungsbedingungen, f\u00fcr die das Unternehmen keine Verantwortung \u00fcbernimmt. Das Unternehmen haftet auch nicht f\u00fcr Fehler oder Fehlfunktionen von Websites Dritter sowie f\u00fcr Sch\u00e4den, die Nutzern durch den Zugriff auf und die Nutzung der dort bereitgestellten Dienste entstehen.<\/span><\/p>\n<p><span lang=\"el-GR\">SCHUTZ PERS\u00d6NLICHER DATEN<\/span><\/p>\n<p><span lang=\"el-GR\">Ein integraler und verbindlicher Bestandteil dieser Nutzungsbedingungen ist die Datenschutzrichtlinie der Website, die den Schutz Ihrer personenbezogenen Daten, die Sie uns zur Verf\u00fcgung stellen, detailliert regelt. Das Unternehmen verpflichtet sich zu einem hohen Schutzniveau der personenbezogenen Daten der Besucher\/Nutzer der Website gem\u00e4\u00df den Anforderungen der nationalen und EU-Gesetzgebung zum Schutz personenbezogener Daten, insbesondere der europ\u00e4ischen Datenschutz-Grundverordnung (EU) 2016\/679 (DSGVO) und den einschl\u00e4gigen geltenden Bestimmungen sowie dem Gesetz 4624\/2019. <\/span><\/p>\n<p><span lang=\"el-GR\">Der Besucher\/Benutzer erteilt durch die Annahme dieser Nutzungsbedingungen und die Eingabe seiner personenbezogenen Daten, sofern er dies w\u00fcnscht, in die entsprechenden Felder der Website, in denen die entsprechende Option angeboten wird (Kontaktformular, Feld \u201eTermin vereinbaren\u201c, Newsletter-Formular), seine ausdr\u00fcckliche, klare und freiwillige Zustimmung zur Erhebung seiner personenbezogenen Daten f\u00fcr deren Verarbeitung auf Grundlage der in der Datenschutzrichtlinie des Unternehmens ausf\u00fchrlich beschriebenen jeweiligen Verarbeitungszwecke im Rahmen der Nutzung und Verwertung der Funktionen der Website, wobei er das Recht auf Zugriff und Einspruch gegen deren Verarbeitung beh\u00e4lt, indem er einen entsprechenden Antrag auf Berichtigung, vor\u00fcbergehende Nutzung, Sperrung, Nicht\u00fcbermittlung oder L\u00f6schung stellt, vorausgesetzt, dass die personenbezogenen Daten f\u00fcr die Zwecke, f\u00fcr die sie erhoben wurden, nicht mehr erforderlich sind. Dar\u00fcber hinaus beh\u00e4lt der Besucher\/Benutzer folgende Rechte: a) der Verarbeitung ihn betreffender personenbezogener Daten zu widersprechen, b) innerhalb kurzer Zeit eine schriftliche Antwort auf seine Anfrage an das Unternehmen zu erhalten, wenn ihn betreffende personenbezogene Daten verarbeitet werden oder wurden, c) \u00fcber den Fortschritt der Verarbeitung f\u00fcr den Zeitraum seit seiner letzten Benachrichtigung oder Information sowie \u00fcber die Logik der automatisierten Verarbeitung seiner personenbezogenen Daten informiert zu werden und d) die \u00dcbertragbarkeit seiner personenbezogenen Daten gem\u00e4\u00df den Bestimmungen der europ\u00e4ischen Datenschutz-Grundverordnung (EU) 2016\/679 (DSGVO) und des Gesetzes 4624\/2019 zu verlangen, e) eine Beschwerde bei der griechischen Datenschutzbeh\u00f6rde einzureichen, wenn er der Ansicht ist, dass seine Rechte in Bezug auf den Schutz seiner personenbezogenen Daten verletzt wurden.<\/span><\/p>\n<p><span lang=\"el-GR\">DATENL\u00d6SCHUNGSRICHTLINIE <\/span><\/p>\n<p><span lang=\"el-GR\">Wenn der Besucher\/Benutzer seine personenbezogenen Daten, die er in den entsprechenden Feldern der Website eingegeben hat, in denen die entsprechende Option angegeben ist (Kontaktformular, Feld \u201eTermin buchen\u201c, Newsletter-Formular), dauerhaft l\u00f6schen m\u00f6chte, kann er ihn per E-Mail unter der Adresse info@<\/span><span lang=\"en-US\">Anti-Aging<\/span><span lang=\"el-GR\">.gr<\/span><\/p>\n<p lang=\"el-GR\">\n<p><span lang=\"el-GR\">KONTAKTIEREN SIE DAS UNTERNEHMEN<\/span><\/p>\n<p><span lang=\"el-GR\">Um Anfragen zu stellen, einschlie\u00dflich der Kommunikation mit dem Website-Administrator, Informationen, Klarstellungen, Anfragen zur Nutzung und Reproduktion eines Teils der Website, k\u00f6nnen Sie sich an die Kundendienstabteilung unter 2106929999 wenden oder eine E-Mail an folgende Adresse senden: <\/span><a href=\"mailto:info@antiagers.gr\"><span style=\"color: #0563c1;\"><u><span lang=\"el-GR\">Info@<\/span><\/u><\/span><span style=\"color: #0563c1;\"><u><span lang=\"en-US\">Anti-Aging<\/span><\/u><\/span><span style=\"color: #0563c1;\"><u><span lang=\"el-GR\">.<\/span><\/u><\/span><span style=\"color: #0563c1;\"><u><span lang=\"en-US\">gr<\/span><\/u><\/span><\/a><\/p>\n<p lang=\"el-GR\">[\/et_pb_text][\/et_pb_column][\/et_pb_row][\/et_pb_section]<\/p>","protected":false},"excerpt":{"rendered":"<p>\u039f\u03a1\u039f\u0399 \u03a7\u03a1\u0397\u03a3\u0397\u03a3\u0397 \u03c7\u03c1\u03ae\u03c3\u03b7 \u03c4\u03b7\u03c2 \u03c0\u03b1\u03c1\u03bf\u03cd\u03c3\u03b1\u03c2 \u03b9\u03c3\u03c4\u03bf\u03c3\u03b5\u03bb\u03af\u03b4\u03b1\u03c2 (\u03b5\u03c6\u03b5\u03be\u03ae\u03c2 \u03b7 \u00ab\u0399\u03c3\u03c4\u03bf\u03c3\u03b5\u03bb\u03af\u03b4\u03b1\u00bb) \u03b4\u03b9\u03ad\u03c0\u03b5\u03c4\u03b1\u03b9 \u03b1\u03c0\u03cc \u03c4\u03bf\u03c5\u03c2 \u03cc\u03c1\u03bf\u03c5\u03c2 \u03ba\u03b1\u03b9 \u03c0\u03c1\u03bf\u03cb\u03c0\u03bf\u03b8\u03ad\u03c3\u03b5\u03b9\u03c2 \u03c0\u03bf\u03c5 \u03c0\u03b1\u03c1\u03b1\u03c4\u03af\u03b8\u03b5\u03bd\u03c4\u03b1\u03b9 \u03c3\u03c4\u03bf \u03c0\u03b1\u03c1\u03cc\u03bd \u03ba\u03b1\u03b9 \u03b9\u03c3\u03c7\u03cd\u03bf\u03c5\u03bd \u03b3\u03b9\u03b1 \u03c4\u03bf \u03c3\u03cd\u03bd\u03bf\u03bb\u03bf \u03c4\u03bf\u03c5 \u03c0\u03b5\u03c1\u03b9\u03b5\u03c7\u03bf\u03bc\u03ad\u03bd\u03bf\u03c5 \u03c4\u03b7\u03c2 \u03ba\u03b1\u03b9 \u03c4\u03c9\u03bd \u03b5\u03c0\u03b9\u03bc\u03ad\u03c1\u03bf\u03c5\u03c2 \u03c3\u03b5\u03bb\u03af\u03b4\u03c9\u03bd \u03c4\u03b7\u03c2. \u0397 \u03c0\u03b5\u03c1\u03b9\u03ae\u03b3\u03b7\u03c3\u03b7, \u03b7 \u03c0\u03c1\u03cc\u03c3\u03b2\u03b1\u03c3\u03b7 \u03ae \u03b7 \u03c7\u03c1\u03ae\u03c3\u03b7 \u03c4\u03b7\u03c2 \u0399\u03c3\u03c4\u03bf\u03c3\u03b5\u03bb\u03af\u03b4\u03b1\u03c2 \u03ba\u03b1\u03b9 \u03c4\u03c9\u03bd \u03cc\u03c0\u03bf\u03b9\u03c9\u03bd \u03c5\u03c0\u03b7\u03c1\u03b5\u03c3\u03b9\u03ce\u03bd \u03b4\u03b9\u03b1\u03c4\u03af\u03b8\u03b5\u03bd\u03c4\u03b1\u03b9 \u03bc\u03ad\u03c3\u03c9 \u03b1\u03c5\u03c4\u03ae\u03c2 \u03b1\u03c0\u03bf\u03c4\u03b5\u03bb\u03b5\u03af \u03c4\u03b5\u03ba\u03bc\u03ae\u03c1\u03b9\u03bf \u03cc\u03c4\u03b9 \u03ad\u03c7\u03b5\u03c4\u03b5 \u03bc\u03b5\u03bb\u03b5\u03c4\u03ae\u03c3\u03b5\u03b9, \u03ba\u03b1\u03c4\u03b1\u03bd\u03bf\u03ae\u03c3\u03b5\u03b9 \u03ba\u03b1\u03b9 [&hellip;]<\/p>","protected":false},"author":1,"featured_media":0,"parent":0,"menu_order":0,"comment_status":"closed","ping_status":"closed","template":"","meta":{"_et_pb_use_builder":"on","_et_pb_old_content":"","_et_gb_content_width":"","footnotes":""},"class_list":["post-5808","page","type-page","status-publish","hentry"],"_links":{"self":[{"href":"https:\/\/theantiagers.gr\/de\/wp-json\/wp\/v2\/pages\/5808","targetHints":{"allow":["GET"]}}],"collection":[{"href":"https:\/\/theantiagers.gr\/de\/wp-json\/wp\/v2\/pages"}],"about":[{"href":"https:\/\/theantiagers.gr\/de\/wp-json\/wp\/v2\/types\/page"}],"author":[{"embeddable":true,"href":"https:\/\/theantiagers.gr\/de\/wp-json\/wp\/v2\/users\/1"}],"replies":[{"embeddable":true,"href":"https:\/\/theantiagers.gr\/de\/wp-json\/wp\/v2\/comments?post=5808"}],"version-history":[{"count":2,"href":"https:\/\/theantiagers.gr\/de\/wp-json\/wp\/v2\/pages\/5808\/revisions"}],"predecessor-version":[{"id":5810,"href":"https:\/\/theantiagers.gr\/de\/wp-json\/wp\/v2\/pages\/5808\/revisions\/5810"}],"wp:attachment":[{"href":"https:\/\/theantiagers.gr\/de\/wp-json\/wp\/v2\/media?parent=5808"}],"curies":[{"name":"wp","href":"https:\/\/api.w.org\/{rel}","templated":true}]}}