{"id":5813,"date":"2023-11-29T08:10:33","date_gmt":"2023-11-29T08:10:33","guid":{"rendered":"https:\/\/theantiagers.gr\/?page_id=5813"},"modified":"2023-11-29T08:11:28","modified_gmt":"2023-11-29T08:11:28","slug":"%cf%80%ce%bf%ce%bb%ce%b9%cf%84%ce%b9%ce%ba%ce%b7-%cf%80%ce%b5%cf%81%ce%b9%ce%b5%cf%87%ce%bf%ce%bc%ce%b5%ce%bd%ce%bf%cf%85","status":"publish","type":"page","link":"https:\/\/theantiagers.gr\/de\/%cf%80%ce%bf%ce%bb%ce%b9%cf%84%ce%b9%ce%ba%ce%b7-%cf%80%ce%b5%cf%81%ce%b9%ce%b5%cf%87%ce%bf%ce%bc%ce%b5%ce%bd%ce%bf%cf%85\/","title":{"rendered":"INHALTSRICHTLINIEN"},"content":{"rendered":"<p>[et_pb_section fb_built=&#8221;1&#8243; _builder_version=&#8221;4.23.1&#8243; _module_preset=&#8221;default&#8221; global_colors_info=&#8221;{}&#8221;][et_pb_row _builder_version=&#8221;4.23.1&#8243; _module_preset=&#8221;default&#8221; global_colors_info=&#8221;{}&#8221;][et_pb_column type=&#8221;4_4&#8243; _builder_version=&#8221;4.23.1&#8243; _module_preset=&#8221;default&#8221; global_colors_info=&#8221;{}&#8221;][et_pb_text _builder_version=&#8221;4.23.1&#8243; _module_preset=&#8221;default&#8221; hover_enabled=&#8221;0&#8243; global_colors_info=&#8221;{}&#8221; sticky_enabled=&#8221;0&#8243;]<\/p>\n<h2><span lang=\"el-GR\"><b>INHALTSRICHTLINIEN<\/b><\/span><\/h2>\n<p>[\/et_pb_text][\/et_pb_column][\/et_pb_row][et_pb_row _builder_version=&#8221;4.23.1&#8243; _module_preset=&#8221;default&#8221; global_colors_info=&#8221;{}&#8221;][et_pb_column type=&#8221;4_4&#8243; _builder_version=&#8221;4.23.1&#8243; _module_preset=&#8221;default&#8221; global_colors_info=&#8221;{}&#8221;][et_pb_text _builder_version=&#8221;4.23.1&#8243; _module_preset=&#8221;default&#8221; hover_enabled=&#8221;0&#8243; global_colors_info=&#8221;{}&#8221; sticky_enabled=&#8221;0&#8243;]<\/p>\n<p><span lang=\"el-GR\">Der Inhalt der Beschreibungen von Erkrankungen, L\u00f6sungen, Dienstleistungen und Artikeln auf der Website <\/span><span lang=\"en-US\">Anti-Aging<\/span><span lang=\"el-GR\">.gr basiert auf den Informationen des wissenschaftlichen und redaktionellen Teams. Gleichzeitig werden detaillierte bibliografische Referenzen, offizielle Gesundheitsaussagen und andere wissenschaftliche Quellen einbezogen.<\/span><\/p>\n<p><span lang=\"el-GR\">Die Verantwortung f\u00fcr die Einhaltung und Umsetzung der inhaltlichen Richtlinien liegt bei der Redaktion der Website. <\/span><span lang=\"en-US\">Anti-Aging<\/span><span lang=\"el-GR\">.gr, wodurch die Richtigkeit der Inhalte der Websites gew\u00e4hrleistet wird.<\/span><\/p>\n<p lang=\"el-GR\">\n<p><span lang=\"el-GR\">Notiz<\/span><\/p>\n<p><span lang=\"el-GR\">Die Inhalte dieser Website stellen keinen medizinischen Rat, keine Diagnose, keine L\u00f6sung oder keinen Vorschlag dar und k\u00f6nnen auch nicht als solche ausgelegt werden. Alle Informationen dienen ausschlie\u00dflich zu Informationszwecken. Diese Inhalte ersetzen keine pers\u00f6nliche medizinische Beratung, Diagnose, Prognose oder L\u00f6sung. Sollten Sie Unstimmigkeiten feststellen oder Fragen oder Anmerkungen zum Inhalt dieser Website haben, kontaktieren Sie uns bitte unter <\/span><span lang=\"en-US\">Anti-Aging<\/span><span lang=\"el-GR\">.<\/span><span lang=\"en-US\">Marketing<\/span><span lang=\"el-GR\">@<\/span><span lang=\"en-US\">Google Mail<\/span><span lang=\"el-GR\">.<\/span><span lang=\"en-US\">com<\/span><\/p>\n<p lang=\"el-GR\">[\/et_pb_text][\/et_pb_column][\/et_pb_row][\/et_pb_section]<\/p>","protected":false},"excerpt":{"rendered":"<p>\u03a0\u039f\u039b\u0399\u03a4\u0399\u039a\u0397 \u03a0\u0395\u03a1\u0399\u0395\u03a7\u039f\u039c\u0395\u039d\u039f\u03a5\u03a4\u03bf \u03c0\u03b5\u03c1\u03b9\u03b5\u03c7\u03bf\u03bc\u03ad\u03bd\u03bf \u03c4\u03c9\u03bd \u03c0\u03b5\u03c1\u03b9\u03b3\u03c1\u03b1\u03c6\u03ce\u03bd \u03c4\u03c9\u03bd \u03b9\u03b1\u03c4\u03c1\u03b9\u03ba\u03ce\u03bd \u03c0\u03b1\u03b8\u03ae\u03c3\u03b5\u03c9\u03bd, \u03bb\u03cd\u03c3\u03b5\u03c9\u03bd, \u03c5\u03c0\u03b7\u03c1\u03b5\u03c3\u03b9\u03ce\u03bd \u03ba\u03b1\u03b9 \u03ac\u03c1\u03b8\u03c1\u03c9\u03bd \u03c4\u03bf\u03c5 \u03b9\u03c3\u03c4\u03cc\u03c4\u03bf\u03c0\u03bf\u03c5 antiagers.gr \u03b4\u03b9\u03b1\u03bc\u03bf\u03c1\u03c6\u03ce\u03bd\u03b5\u03c4\u03b1\u03b9 \u03bc\u03b5 \u03b2\u03ac\u03c3\u03b7 \u03c4\u03b9\u03c2 \u03c0\u03bb\u03b7\u03c1\u03bf\u03c6\u03bf\u03c1\u03af\u03b5\u03c2 \u03c0\u03bf\u03c5 \u03c0\u03b1\u03c1\u03ad\u03c7\u03bf\u03bd\u03c4\u03b1\u03b9 \u03b1\u03c0\u03cc \u03c4\u03b7\u03bd \u03b5\u03c0\u03b9\u03c3\u03c4\u03b7\u03bc\u03bf\u03bd\u03b9\u03ba\u03ae \u03ba\u03b1\u03b9 \u03c3\u03c5\u03bd\u03c4\u03b1\u03ba\u03c4\u03b9\u03ba\u03ae \u03bf\u03bc\u03ac\u03b4\u03b1. \u03a0\u03b1\u03c1\u03ac\u03bb\u03bb\u03b7\u03bb\u03b1 \u03b5\u03bd\u03c3\u03c9\u03bc\u03b1\u03c4\u03ce\u03bd\u03bf\u03bd\u03c4\u03b1\u03b9 \u03b1\u03bd\u03b1\u03bb\u03c5\u03c4\u03b9\u03ba\u03ac \u03c3\u03c4\u03bf\u03b9\u03c7\u03b5\u03af\u03b1 \u03b2\u03b9\u03b2\u03bb\u03b9\u03bf\u03b3\u03c1\u03b1\u03c6\u03b9\u03ba\u03ce\u03bd \u03b1\u03bd\u03b1\u03c6\u03bf\u03c1\u03ce\u03bd, \u03b5\u03c0\u03af\u03c3\u03b7\u03bc\u03bf\u03b9 \u03b9\u03c3\u03c7\u03c5\u03c1\u03b9\u03c3\u03bc\u03bf\u03af \u03c5\u03b3\u03b5\u03af\u03b1\u03c2, \u03ba\u03b1\u03b9 \u03ac\u03bb\u03bb\u03b5\u03c2 \u03b5\u03c0\u03b9\u03c3\u03c4\u03b7\u03bc\u03bf\u03bd\u03b9\u03ba\u03ad\u03c2 \u03c0\u03b7\u03b3\u03ad\u03c2. \u03a4\u03b7\u03bd \u03b5\u03c5\u03b8\u03cd\u03bd\u03b7 \u03b3\u03b9\u03b1 \u03c4\u03b7 \u03c4\u03ae\u03c1\u03b7\u03c3\u03b7 \u03ba\u03b1\u03b9 \u03c4\u03b7\u03bd \u03c5\u03bb\u03bf\u03c0\u03bf\u03af\u03b7\u03c3\u03b7 \u03c4\u03c9\u03bd \u03b4\u03b9\u03b1\u03b4\u03b9\u03ba\u03b1\u03c3\u03b9\u03ce\u03bd \u03c4\u03b7\u03c2 \u03c0\u03bf\u03bb\u03b9\u03c4\u03b9\u03ba\u03ae\u03c2 \u03c0\u03b5\u03c1\u03b9\u03b5\u03c7\u03bf\u03bc\u03ad\u03bd\u03bf\u03c5, \u03c6\u03ad\u03c1\u03b5\u03b9 [&hellip;]<\/p>","protected":false},"author":1,"featured_media":0,"parent":0,"menu_order":0,"comment_status":"closed","ping_status":"closed","template":"","meta":{"_et_pb_use_builder":"on","_et_pb_old_content":"","_et_gb_content_width":"","footnotes":""},"class_list":["post-5813","page","type-page","status-publish","hentry"],"_links":{"self":[{"href":"https:\/\/theantiagers.gr\/de\/wp-json\/wp\/v2\/pages\/5813","targetHints":{"allow":["GET"]}}],"collection":[{"href":"https:\/\/theantiagers.gr\/de\/wp-json\/wp\/v2\/pages"}],"about":[{"href":"https:\/\/theantiagers.gr\/de\/wp-json\/wp\/v2\/types\/page"}],"author":[{"embeddable":true,"href":"https:\/\/theantiagers.gr\/de\/wp-json\/wp\/v2\/users\/1"}],"replies":[{"embeddable":true,"href":"https:\/\/theantiagers.gr\/de\/wp-json\/wp\/v2\/comments?post=5813"}],"version-history":[{"count":2,"href":"https:\/\/theantiagers.gr\/de\/wp-json\/wp\/v2\/pages\/5813\/revisions"}],"predecessor-version":[{"id":5815,"href":"https:\/\/theantiagers.gr\/de\/wp-json\/wp\/v2\/pages\/5813\/revisions\/5815"}],"wp:attachment":[{"href":"https:\/\/theantiagers.gr\/de\/wp-json\/wp\/v2\/media?parent=5813"}],"curies":[{"name":"wp","href":"https:\/\/api.w.org\/{rel}","templated":true}]}}