{"id":5804,"date":"2023-11-29T08:02:01","date_gmt":"2023-11-29T08:02:01","guid":{"rendered":"https:\/\/theantiagers.gr\/?page_id=5804"},"modified":"2023-11-29T08:04:04","modified_gmt":"2023-11-29T08:04:04","slug":"%cf%80%ce%bf%ce%bb%ce%b9%cf%84%ce%b9%ce%ba%ce%b7-%ce%b1%cf%80%ce%bf%cf%81%cf%81%ce%b7%cf%84%ce%bf%cf%85","status":"publish","type":"page","link":"https:\/\/theantiagers.gr\/es\/%cf%80%ce%bf%ce%bb%ce%b9%cf%84%ce%b9%ce%ba%ce%b7-%ce%b1%cf%80%ce%bf%cf%81%cf%81%ce%b7%cf%84%ce%bf%cf%85\/","title":{"rendered":"POL\u00cdTICA DE PRIVACIDAD"},"content":{"rendered":"<p>[et_pb_section fb_built=&#8221;1&#8243; theme_builder_area=&#8221;post_content&#8221; _builder_version=&#8221;4.23.1&#8243; _module_preset=&#8221;default&#8221;][et_pb_row _builder_version=&#8221;4.23.1&#8243; _module_preset=&#8221;default&#8221; theme_builder_area=&#8221;post_content&#8221;][et_pb_column _builder_version=&#8221;4.23.1&#8243; _module_preset=&#8221;default&#8221; type=&#8221;4_4&#8243; theme_builder_area=&#8221;post_content&#8221;][et_pb_text _builder_version=&#8221;4.23.1&#8243; _module_preset=&#8221;default&#8221; theme_builder_area=&#8221;post_content&#8221; hover_enabled=&#8221;0&#8243; sticky_enabled=&#8221;0&#8243;]<\/p>\n<h2><span lang=\"el-GR\"><b>POL\u00cdTICA DE PRIVACIDAD<\/b><\/span><\/h2>\n<p>[\/et_pb_text][\/et_pb_column][\/et_pb_row][et_pb_row _builder_version=&#8221;4.23.1&#8243; _module_preset=&#8221;default&#8221; theme_builder_area=&#8221;post_content&#8221;][et_pb_column _builder_version=&#8221;4.23.1&#8243; _module_preset=&#8221;default&#8221; type=&#8221;4_4&#8243; theme_builder_area=&#8221;post_content&#8221;][et_pb_text _builder_version=&#8221;4.23.1&#8243; _module_preset=&#8221;default&#8221; theme_builder_area=&#8221;post_content&#8221; hover_enabled=&#8221;0&#8243; sticky_enabled=&#8221;0&#8243;]<\/p>\n<p><span lang=\"el-GR\">CL\u00cdNICA PRIVADA DE CIRUG\u00cdA PL\u00c1STICA VELIMVASAKIS IKE UNIPERSONAL y el n\u00famero de identificaci\u00f3n <\/span><span lang=\"en-US\">ANTI-ENVEJECIMIENTO<\/span><span lang=\"el-GR\"> (en adelante la \u201cCompa\u00f1\u00eda\u201d), reconoce plenamente la necesidad de garantizar la privacidad de los datos personales de los usuarios de este sitio web (en adelante el \u201cSitio Web\u201d) as\u00ed como su seguridad y por ello toma todas las medidas necesarias para alcanzar estos objetivos.<\/span><\/p>\n<p><span lang=\"el-GR\">Esta Pol\u00edtica de Privacidad, que forma parte integral de las Condiciones de Uso del Sitio Web, describe claramente los tipos de datos personales de los visitantes\/usuarios que la Compa\u00f1\u00eda puede recopilar en el contexto de su ingreso al espacio en l\u00ednea.<\/span><\/p>\n<p><span lang=\"el-GR\">En particular, se describir\u00e1n las formas en que se podr\u00e1n utilizar, procesar, almacenar los datos personales de los usuarios y con qu\u00e9 fines, siempre en cumplimiento de la legislaci\u00f3n aplicable en materia de protecci\u00f3n de datos personales y en particular en cumplimiento del Reglamento General de Protecci\u00f3n de Datos (UE 2016\/679, <\/span>RGPD<span lang=\"el-GR\">) y la Ley 4624\/2019. Si alg\u00fan usuario no est\u00e1 de acuerdo con estos t\u00e9rminos, no deber\u00e1 completar los campos solicitados para su inicio de sesi\u00f3n ni para la comunicaci\u00f3n de la Empresa con \u00e9l, sino que deber\u00e1 utilizar otros m\u00e9todos de comunicaci\u00f3n con los administradores de la Empresa. Esta Pol\u00edtica de Privacidad no cubre en ning\u00fan caso la relaci\u00f3n entre los usuarios del Sitio Web y los servicios que no est\u00e9n bajo su control o propiedad.<\/span><\/p>\n<p><span lang=\"el-GR\">DATOS PERSONALES DEL USUARIO<\/span><\/p>\n<p>El<span lang=\"el-GR\"> El visitante\/usuario puede visitar el sitio web mantenido y administrado por la Compa\u00f1\u00eda sin revelar su identidad ni proporcionar informaci\u00f3n personal. En \u00e1reas espec\u00edficas del sitio web, podr\u00e1 introducir, si lo desea, los datos personales solicitados, por un lado, si desea comunicarse con la Compa\u00f1\u00eda, completando el formulario de contacto correspondiente, y por otro, en el campo &quot;Reservar cita&quot;, si desea programar un servicio con un socio de la Compa\u00f1\u00eda. Asimismo, si acepta expresamente, podr\u00e1 introducir su direcci\u00f3n de correo electr\u00f3nico (<\/span>mi<span lang=\"el-GR\">&#8211;<\/span>correo electr\u00f3nico<span lang=\"el-GR\">) en el campo especial <\/span>hoja informativa<span lang=\"el-GR\"> para recibir noticias y actualizaciones de la Compa\u00f1\u00eda. <\/span><\/p>\n<p><span lang=\"el-GR\">En el contexto del uso del Sitio Web, la Compa\u00f1\u00eda puede recopilar legalmente datos personales de sus usuarios que entran en las siguientes categor\u00edas:<\/span><\/p>\n<p><span lang=\"el-GR\">Datos personales que se solicitan al usuario (persona f\u00edsica) al completar el Formulario de Contacto para contactar con la Empresa. En concreto, se requieren los siguientes datos personales para completar el formulario de contacto: Nombre y apellidos (obligatorios), n\u00famero de tel\u00e9fono (obligatorio), direcci\u00f3n de correo electr\u00f3nico.<\/span>mi<span lang=\"el-GR\">&#8211;<\/span>correo electr\u00f3nico<span lang=\"el-GR\">(obligatorio) y cualquier dato que el usuario incluya en el mensaje enviado al enlace de comunicaci\u00f3n.<\/span><\/p>\n<p><span lang=\"el-GR\">Datos personales que se solicitan al visitante\/usuario para programar una cita con la empresa en el campo &quot;Reservar cita&quot;. En concreto, al completar los campos de la solicitud, el visitante\/usuario introduce los siguientes datos: Nombre, <\/span>mi<span lang=\"el-GR\">&#8211;<\/span>correo electr\u00f3nico<span lang=\"el-GR\">, n\u00famero de tel\u00e9fono de contacto y cualquier dato que el usuario incluya en la casilla (Su mensaje).<\/span><\/p>\n<p><span lang=\"el-GR\">Datos personales, como la direcci\u00f3n de correo electr\u00f3nico, que se solicita al visitante\/usuario que complete para recibir informaci\u00f3n <\/span>correo electr\u00f3nico<span lang=\"el-GR\"> para recibir las \u00faltimas novedades y ofertas de la Compa\u00f1\u00eda en su direcci\u00f3n de correo electr\u00f3nico personal.<\/span><\/p>\n<p><span lang=\"el-GR\">Datos personales que se solicita al visitante\/usuario que rellene los campos correspondientes, tras conectarse al Sitio Web, utilizando la direcci\u00f3n <\/span>mi<span lang=\"el-GR\">&#8211;<\/span>correo electr\u00f3nico<span lang=\"el-GR\"> y contrase\u00f1a que el usuario crea despu\u00e9s de iniciar sesi\u00f3n a trav\u00e9s de una cuenta personal <\/span>Facebook<span lang=\"el-GR\"> o iniciar sesi\u00f3n a trav\u00e9s de la cuenta <\/span>Google<span lang=\"el-GR\">Al conectarse a uno de los m\u00e9todos mencionados, el usuario obtiene una cuenta personal en el sitio web y puede programar una cita con la empresa a trav\u00e9s de ella. Para concertar una cita, se le solicita que complete datos personales como nombre y apellidos (obligatorios), n\u00famero de tel\u00e9fono de contacto (obligatorio), fecha de nacimiento (obligatorio) e indique si es un paciente nuevo (obligatorio), as\u00ed como cualquier dato personal relacionado con tarjetas de d\u00e9bito\/cr\u00e9dito, para el pago electr\u00f3nico de los servicios que haya elegido. En particular, se le solicita al usuario que elija entre los siguientes m\u00e9todos de pago: tarjeta de cr\u00e9dito\/d\u00e9bito, pago en efectivo en la cl\u00ednica o pago mediante dep\u00f3sito bancario.<\/span><\/p>\n<p><span lang=\"el-GR\">La Compa\u00f1\u00eda tambi\u00e9n utiliza el servicio de <\/span>Google<span lang=\"el-GR\">, &quot;<\/span>Google<span lang=\"el-GR\"> <\/span>Anal\u00edtica<span lang=\"el-GR\">\u201d con el fin de recopilar informaci\u00f3n adicional respecto al comportamiento del usuario dentro de su software, como el tiempo dedicado al mismo y sus distintas funciones, as\u00ed como registrar el uso de algunas de ellas, informaci\u00f3n que, sin embargo, no constituye datos personales de los usuarios de la aplicaci\u00f3n de acuerdo con la legislaci\u00f3n de datos personales aplicable.<\/span><\/p>\n<p><span lang=\"el-GR\">USO DE DATOS PERSONALES<\/span><\/p>\n<p><span lang=\"el-GR\">La Empresa es responsable de la protecci\u00f3n de los datos personales que recopile a trav\u00e9s del Sitio Web, as\u00ed como de informar a todo el personal involucrado acerca de la Pol\u00edtica de Privacidad.<\/span><\/p>\n<p><span lang=\"el-GR\">La Compa\u00f1\u00eda garantiza que todo su personal as\u00ed como todos los socios-miembros que la integran implementar\u00e1n fielmente la presente Pol\u00edtica de Privacidad y cumplir\u00e1n con la legislaci\u00f3n aplicable en materia de protecci\u00f3n de datos de car\u00e1cter personal.<\/span><\/p>\n<p><span lang=\"el-GR\">En concreto, la Compa\u00f1\u00eda mantiene un registro de los datos personales de los usuarios antes mencionados, de acuerdo con las exigencias del nuevo Reglamento General de Protecci\u00f3n de Datos (UE 2016\/679, <\/span>RGPD<span lang=\"el-GR\">) y la Ley 4624\/2019. Los datos del visitante\/usuario del sitio web registrados en el archivo de la Compa\u00f1\u00eda son los declarados por el propio usuario (Sujeto) y con su consentimiento expl\u00edcito durante su registro en los campos correspondientes del sitio web, de conformidad con lo siguiente.<\/span><\/p>\n<p><span lang=\"el-GR\">El registro de los datos personales solicitados por los usuarios se realiza de forma voluntaria y los datos personales recolectados por la Compa\u00f1\u00eda est\u00e1n relacionados con las finalidades de identificarlos para efectos de comunicarse con ellos e interactuar con ellos en funci\u00f3n de las necesidades particulares de cada usuario en el contexto de agendar una cita m\u00e9dica, o enviarles mensajes informativos. <\/span>hoja informativa<span lang=\"el-GR\">La Empresa se compromete a no procesar, publicar o transmitir los datos personales de los visitantes\/usuarios que recopile legalmente de cualquier otra forma o para cualquier otro prop\u00f3sito.<\/span><\/p>\n<p lang=\"el-GR\">\n<p><span lang=\"el-GR\">DERECHOS DEL USUARIO<\/span><\/p>\n<p><span lang=\"el-GR\">Proporcionar la informaci\u00f3n anterior es opcional, ya que solo est\u00e1 obligado a revelarla si desea ponerse en contacto con la Compa\u00f1\u00eda o recibir informaci\u00f3n. <\/span>hoja informativa<span lang=\"el-GR\"> o programar una cita m\u00e9dica. La falta de informaci\u00f3n o la negativa a consentir los t\u00e9rminos del tratamiento de datos resultar\u00e1 en la imposibilidad de recopilar su informaci\u00f3n y llevar a cabo el tratamiento para lograr los objetivos mencionados.<\/span><\/p>\n<p>El<span lang=\"el-GR\"> El usuario conserva los derechos a: <\/span><\/p>\n<p><span lang=\"el-GR\">a) recibir respuesta por escrito a su consulta a la Empresa, si los datos personales que le conciernen son o han sido objeto de tratamiento, <\/span><\/p>\n<p><span lang=\"el-GR\">b) a ser informado de nuevo, sin demora y de forma comprensible y clara, de todos los datos que le conciernen, de su origen, de los fines del tratamiento, de los destinatarios o de las categor\u00edas de destinatarios, de la evoluci\u00f3n del tratamiento durante el periodo transcurrido desde su \u00faltima informaci\u00f3n o notificaci\u00f3n, as\u00ed como de la l\u00f3gica del tratamiento automatizado, <\/span><\/p>\n<p><span lang=\"el-GR\">c) solicitar la correcci\u00f3n, supresi\u00f3n o bloqueo de los datos cuyo tratamiento no se ajuste a lo dispuesto en el nuevo Reglamento de Protecci\u00f3n de Datos Personales (<\/span>RGPD<span lang=\"el-GR\">), en particular debido a la naturaleza incompleta o inexacta de los datos y la comunicaci\u00f3n a terceros de dicha correcci\u00f3n, eliminaci\u00f3n o bloqueo, siempre que esto no sea imposible o no implique esfuerzos desproporcionados, o si el motivo del tratamiento de los datos deja de existir o los sujetos retiran su consentimiento (en caso de que sea necesario), o cuando los datos hayan sido objeto de un tratamiento il\u00edcito, etc. los sujetos tienen derecho a solicitar la eliminaci\u00f3n de los datos, <\/span><\/p>\n<p><span lang=\"el-GR\">d) revocar su consentimiento en cualquier momento,<\/span><\/p>\n<p><span lang=\"el-GR\">e) a oponerse en cualquier momento al tratamiento de los datos que le conciernen, a presentar una solicitud de limitaci\u00f3n del tratamiento, a conocer la identidad de los responsables del tratamiento y de su(s) representante(s),<\/span><\/p>\n<p><span lang=\"el-GR\">f) presentar una reclamaci\u00f3n en caso de tratamiento il\u00edcito de sus datos personales ante la autoridad de control competente,<\/span><\/p>\n<p><span lang=\"el-GR\">g) solicitar la portabilidad de sus datos personales tal y como se define en las disposiciones del Reglamento de Protecci\u00f3n de Datos Personales (<\/span>RGPD<span lang=\"el-GR\">(UE) 2016\/679.<\/span><\/p>\n<p><span lang=\"el-GR\">INFORMACI\u00d3N QUE COMPARTIMOS<\/span><\/p>\n<p><span lang=\"el-GR\">La Compa\u00f1\u00eda no comercializa, comparte, divulga, transmite ni distribuye de ninguna manera los datos personales de los usuarios a terceros ajenos a ella. La transmisi\u00f3n de datos personales a terceros solo se permite excepcionalmente cuando lo exige la ley o una orden judicial o fiscal.<\/span><\/p>\n<p><span lang=\"el-GR\">DURACI\u00d3N DEL TRATAMIENTO<\/span><\/p>\n<p><span lang=\"el-GR\">Los datos personales recabados de los usuarios ser\u00e1n almacenados y conservados por la Compa\u00f1\u00eda durante el tiempo que sea necesario para completar la finalidad para la que fueron recabados, que en todo caso ser\u00e1 razonable.<\/span><\/p>\n<p lang=\"el-GR\">\n<p><span lang=\"el-GR\">PROCEDIMIENTO DE EXCEPCI\u00d3N<\/span><\/p>\n<p><span lang=\"el-GR\">El usuario se reserva el derecho de solicitar a la Compa\u00f1\u00eda que elimine toda la informaci\u00f3n que tenga sobre \u00e9l, comunicando su correspondiente solicitud a la siguiente direcci\u00f3n de correo electr\u00f3nico: <\/span><span lang=\"en-US\">informaci\u00f3n<\/span><span lang=\"el-GR\">@<\/span><span lang=\"en-US\">antienvejecimiento<\/span><span lang=\"el-GR\">.<\/span><span lang=\"en-US\">gramo<\/span><\/p>\n<p><span lang=\"el-GR\">Finalmente, el usuario puede optar por no participar en la recopilaci\u00f3n de datos. <\/span>Google<span lang=\"el-GR\"> <\/span>Galletas<span lang=\"el-GR\"> modificando su configuraci\u00f3n personal en <\/span>Google<span lang=\"el-GR\">&#8216;<\/span>s<span lang=\"el-GR\"> <\/span>Anuncios<span lang=\"el-GR\"> <\/span>Ajustes<span lang=\"el-GR\">.<\/span><\/p>\n<p><span lang=\"el-GR\">CAMBIOS<\/span><\/p>\n<p><span lang=\"el-GR\">Nuestra Pol\u00edtica de Privacidad puede cambiar ocasionalmente. Cualquier cambio en la Pol\u00edtica de Privacidad del Sitio Web se publicar\u00e1 en este sitio web.<\/span><\/p>\n<p lang=\"el-GR\">\n<p><span lang=\"el-GR\">DATOS DE CONTACTO DE LA EMPRESA: <\/span><\/p>\n<p><span lang=\"el-GR\">Responsable: CL\u00cdNICA PRIVADA DE CIRUG\u00cdA PL\u00c1STICA VELIMVASAKIS IKE UNIPERSONAL<\/span><\/p>\n<p><span lang=\"el-GR\">Persona de contacto: \u2026\u2026\u2026\u2026<\/span><\/p>\n<p lang=\"el-GR\">\n<p><span lang=\"el-GR\">Para preguntas y\/o solicitudes de comunicaci\u00f3n relativas a esta actualizaci\u00f3n (o posible modificaci\u00f3n de datos), tratamiento de datos y\/o retirada del consentimiento, puede ponerse en contacto con la Empresa, responsable del tratamiento de datos, por escrito a la siguiente direcci\u00f3n de correo electr\u00f3nico: <\/span><span lang=\"en-US\">informaci\u00f3n<\/span><span lang=\"el-GR\">@<\/span><span lang=\"en-US\">antienvejecimiento<\/span><span lang=\"el-GR\">.<\/span>gramo<span lang=\"el-GR\"> as\u00ed como al n\u00famero: 210 6777101.<\/span><\/p>\n<p>[\/et_pb_text][\/et_pb_column][\/et_pb_row][\/et_pb_section]<\/p>","protected":false},"excerpt":{"rendered":"<p>\u03a0\u039f\u039b\u0399\u03a4\u0399\u039a\u0397 \u0391\u03a0\u039f\u03a1\u03a1\u0397\u03a4\u039f\u03a5\u0397 \u0392\u0395\u039b\u0397\u039c\u0392\u0391\u03a3\u0391\u039a\u0397\u03a3 \u0399\u0394\u03a9\u03a4\u0399\u039a\u039f \u0399\u0391\u03a4\u03a1\u0395\u0399\u039f \u03a0\u039b\u0391\u03a3\u03a4\u0399\u039a\u0397\u03a3 \u03a7\u0395\u0399\u03a1\u039f\u03a5\u03a1\u0393\u0399\u039a\u0397\u03a3 \u039c\u039f\u039d\u039f\u03a0\u03a1\u039f\u03a3\u03a9\u03a0\u0397 \u0399\u039a\u0395 \u03ba\u03b1\u03b9 \u03c4\u03bf\u03bd \u03b4.\u03c4. ANTIAGERS (\u03b5\u03c6\u03b5\u03be\u03ae\u03c2 \u03b7 \u00ab\u0395\u03c4\u03b1\u03b9\u03c1\u03b5\u03af\u03b1\u00bb), \u03b1\u03bd\u03b1\u03b3\u03bd\u03c9\u03c1\u03af\u03b6\u03b5\u03b9 \u03c0\u03bb\u03ae\u03c1\u03c9\u03c2 \u03c4\u03b7\u03bd \u03b1\u03bd\u03b1\u03b3\u03ba\u03b1\u03b9\u03cc\u03c4\u03b7\u03c4\u03b1 \u03c4\u03b7\u03c2 \u03b4\u03b9\u03b1\u03c3\u03c6\u03ac\u03bb\u03b9\u03c3\u03b7\u03c2 \u03c4\u03bf\u03c5 \u03b1\u03c0\u03bf\u03c1\u03c1\u03ae\u03c4\u03bf\u03c5 \u03c4\u03c9\u03bd \u03c0\u03c1\u03bf\u03c3\u03c9\u03c0\u03b9\u03ba\u03ce\u03bd \u03b4\u03b5\u03b4\u03bf\u03bc\u03ad\u03bd\u03c9\u03bd \u03c4\u03c9\u03bd \u03c7\u03c1\u03b7\u03c3\u03c4\u03ce\u03bd \u03c4\u03b7\u03c2 \u03c0\u03b1\u03c1\u03bf\u03cd\u03c3\u03b1\u03c2 \u03b9\u03c3\u03c4\u03bf\u03c3\u03b5\u03bb\u03af\u03b4\u03b1\u03c2 \u03c4\u03b7\u03c2 (\u03b5\u03c6\u03b5\u03be\u03ae\u03c2 \u03b7 \u00ab\u0399\u03c3\u03c4\u03bf\u03c3\u03b5\u03bb\u03af\u03b4\u03b1\u00bb) \u03b1\u03bb\u03bb\u03ac \u03ba\u03b1\u03b9 \u03c4\u03b7\u03c2 \u03b1\u03c3\u03c6\u03ac\u03bb\u03b5\u03b9\u03b1\u03c2 \u03c4\u03bf\u03c5\u03c2 \u03ba\u03b1\u03b9 \u03c9\u03c2 \u03b5\u03ba \u03c4\u03bf\u03cd\u03c4\u03bf\u03c5 \u03c0\u03c1\u03bf\u03b2\u03b1\u03af\u03bd\u03b5\u03b9 \u03c3\u03b5 \u03cc\u03bb\u03b5\u03c2 \u03b5\u03ba\u03b5\u03af\u03bd\u03b5\u03c2 \u03c4\u03b9\u03c2 \u03b1\u03c0\u03b1\u03c1\u03b1\u03af\u03c4\u03b7\u03c4\u03b5\u03c2 \u03b5\u03bd\u03ad\u03c1\u03b3\u03b5\u03b9\u03b5\u03c2 \u03b3\u03b9\u03b1 \u03c4\u03b7\u03bd \u03b5\u03c0\u03af\u03c4\u03b5\u03c5\u03be\u03b7 [&hellip;]<\/p>","protected":false},"author":1,"featured_media":0,"parent":0,"menu_order":0,"comment_status":"closed","ping_status":"closed","template":"","meta":{"_et_pb_use_builder":"on","_et_pb_old_content":"","_et_gb_content_width":"","footnotes":""},"class_list":["post-5804","page","type-page","status-publish","hentry"],"_links":{"self":[{"href":"https:\/\/theantiagers.gr\/es\/wp-json\/wp\/v2\/pages\/5804","targetHints":{"allow":["GET"]}}],"collection":[{"href":"https:\/\/theantiagers.gr\/es\/wp-json\/wp\/v2\/pages"}],"about":[{"href":"https:\/\/theantiagers.gr\/es\/wp-json\/wp\/v2\/types\/page"}],"author":[{"embeddable":true,"href":"https:\/\/theantiagers.gr\/es\/wp-json\/wp\/v2\/users\/1"}],"replies":[{"embeddable":true,"href":"https:\/\/theantiagers.gr\/es\/wp-json\/wp\/v2\/comments?post=5804"}],"version-history":[{"count":3,"href":"https:\/\/theantiagers.gr\/es\/wp-json\/wp\/v2\/pages\/5804\/revisions"}],"predecessor-version":[{"id":5807,"href":"https:\/\/theantiagers.gr\/es\/wp-json\/wp\/v2\/pages\/5804\/revisions\/5807"}],"wp:attachment":[{"href":"https:\/\/theantiagers.gr\/es\/wp-json\/wp\/v2\/media?parent=5804"}],"curies":[{"name":"wp","href":"https:\/\/api.w.org\/{rel}","templated":true}]}}