{"id":5808,"date":"2023-11-29T08:07:01","date_gmt":"2023-11-29T08:07:01","guid":{"rendered":"https:\/\/theantiagers.gr\/?page_id=5808"},"modified":"2023-11-29T08:08:20","modified_gmt":"2023-11-29T08:08:20","slug":"%ce%bf%cf%81%ce%bf%ce%b9-%cf%87%cf%81%ce%b7%cf%83%ce%b7%cf%82","status":"publish","type":"page","link":"https:\/\/theantiagers.gr\/es\/%ce%bf%cf%81%ce%bf%ce%b9-%cf%87%cf%81%ce%b7%cf%83%ce%b7%cf%82\/","title":{"rendered":"CONDICIONES DE USO"},"content":{"rendered":"<p>[et_pb_section fb_built=&#8221;1&#8243; _builder_version=&#8221;4.23.1&#8243; _module_preset=&#8221;default&#8221; global_colors_info=&#8221;{}&#8221;][et_pb_row _builder_version=&#8221;4.23.1&#8243; _module_preset=&#8221;default&#8221; global_colors_info=&#8221;{}&#8221;][et_pb_column type=&#8221;4_4&#8243; _builder_version=&#8221;4.23.1&#8243; _module_preset=&#8221;default&#8221; global_colors_info=&#8221;{}&#8221;][et_pb_text _builder_version=&#8221;4.23.1&#8243; _module_preset=&#8221;default&#8221; hover_enabled=&#8221;0&#8243; global_colors_info=&#8221;{}&#8221; sticky_enabled=&#8221;0&#8243;]<\/p>\n<h2><span lang=\"el-GR\"><b>CONDICIONES DE USO<\/b><\/span><\/h2>\n<p>[\/et_pb_text][\/et_pb_column][\/et_pb_row][et_pb_row _builder_version=&#8221;4.23.1&#8243; _module_preset=&#8221;default&#8221; global_colors_info=&#8221;{}&#8221; min_height=&#8221;2761.2px&#8221;][et_pb_column type=&#8221;4_4&#8243; _builder_version=&#8221;4.23.1&#8243; _module_preset=&#8221;default&#8221; global_colors_info=&#8221;{}&#8221;][et_pb_text _builder_version=&#8221;4.23.1&#8243; _module_preset=&#8221;default&#8221; hover_enabled=&#8221;0&#8243; global_colors_info=&#8221;{}&#8221; sticky_enabled=&#8221;0&#8243;]<\/p>\n<p><span lang=\"el-GR\">El uso de este sitio web (en adelante el &quot;Sitio Web&quot;) se rige por los t\u00e9rminos y condiciones aqu\u00ed establecidos y se aplican a todo su contenido y sus p\u00e1ginas individuales.<\/span><\/p>\n<p><span lang=\"el-GR\">Navegar, acceder o utilizar el Sitio Web y cualquiera de los servicios disponibles a trav\u00e9s de \u00e9l constituye evidencia de que usted ha estudiado, comprendido y aceptado todos los t\u00e9rminos de uso. Por ello, le invitamos a leer detenidamente su contenido con antelaci\u00f3n. Si no est\u00e1 de acuerdo con los t\u00e9rminos de uso del Sitio Web, no debe utilizar sus servicios ni su contenido.<\/span><\/p>\n<p><span lang=\"el-GR\">El presente contenido del Sitio Web pertenece exclusivamente a la Empresa VELIMVASAKIS PRIVATE PLASTIC SURGERY CLINIC SOLE OWNER IKE y con n\u00famero de identificaci\u00f3n <\/span><span lang=\"en-US\">ANTI-ENVEJECIMIENTO<\/span><span lang=\"el-GR\"> (en adelante, la \u00abEmpresa\u00bb) est\u00e1 protegida por las leyes y convenciones nacionales e internacionales, incluyendo, entre otras, las leyes de protecci\u00f3n de la propiedad intelectual y las marcas registradas. Queda expresamente prohibida la reproducci\u00f3n, por cualquier medio, de parte o de la totalidad del contenido de este sitio web sin el consentimiento previo por escrito de la Empresa.<\/span><\/p>\n<p><span lang=\"el-GR\">CONDICIONES DE USO<\/span><\/p>\n<p><span lang=\"el-GR\">El acceso y uso del Sitio Web y de sus contenidos es de exclusiva responsabilidad de cada visitante\/usuario. <\/span><\/p>\n<p><span lang=\"el-GR\">El uso del Sitio Web est\u00e1 permitido \u00fanicamente a mayores de 18 a\u00f1os con plena capacidad jur\u00eddica. Al utilizar el Sitio Web, el usuario declara autom\u00e1ticamente haber cumplido los 18 a\u00f1os.<\/span><\/p>\n<p><span lang=\"el-GR\">El visitante\/usuario puede visitar los sitios web mantenidos y administrados por la Empresa sin revelar su identidad ni proporcionar informaci\u00f3n personal. En una secci\u00f3n espec\u00edfica del Sitio Web, podr\u00e1 introducir (en adelante, &quot;usuarios&quot;), si lo desea, sus datos personales solicitados en el formulario de contacto de la Empresa para contactar con uno de nuestros empleados competentes.<\/span><\/p>\n<p><span lang=\"el-GR\">LIMITACI\u00d3N DE RESPONSABILIDAD<\/span><\/p>\n<p><span lang=\"el-GR\">La Compa\u00f1\u00eda, a trav\u00e9s de la creaci\u00f3n del Sitio Web, tiene como objetivo informar al p\u00fablico sobre la Compa\u00f1\u00eda y sus servicios.<\/span><\/p>\n<p><span lang=\"el-GR\">La informaci\u00f3n que encontrar\u00e1 sobre los servicios y soluciones en este sitio web es proporcionada por la Compa\u00f1\u00eda y tiene fines informativos generales. Esta informaci\u00f3n no constituye informaci\u00f3n m\u00e9dica completa. <\/span><\/p>\n<p><span lang=\"el-GR\">El sitio web contiene informaci\u00f3n sobre afecciones m\u00e9dicas y sus opciones de tratamiento. La Compa\u00f1\u00eda no garantiza que el material del sitio web sea apropiado ni est\u00e9 disponible para su uso fuera del p\u00fablico objetivo. Adem\u00e1s, nada de lo contenido en el sitio web debe interpretarse como consejo o recomendaci\u00f3n m\u00e9dica, ni debe utilizarse como base para ninguna decisi\u00f3n o acci\u00f3n. Siempre debe buscarse consejo m\u00e9dico espec\u00edfico de un m\u00e9dico debidamente cualificado. El contenido de este sitio web no sustituye en ning\u00fan caso el consejo m\u00e9dico personalizado, el diagn\u00f3stico, el pron\u00f3stico ni la soluci\u00f3n.<\/span><\/p>\n<p><span lang=\"el-GR\">La Compa\u00f1\u00eda se esfuerza al m\u00e1ximo para garantizar la precisi\u00f3n de la informaci\u00f3n sobre los servicios que se ofrecen en el sitio web. Sin embargo, pueden existir discrepancias. Si tiene alguna pregunta o comentario sobre el contenido de las descripciones de los servicios, le recomendamos que se ponga en contacto con nosotros. <\/span><\/p>\n<p><span lang=\"el-GR\">El visitante\/usuario asume todos los riesgos que puedan derivarse del acceso y uso del Sitio Web. La Empresa y cualquier parte que haya participado en la creaci\u00f3n, dise\u00f1o o provisi\u00f3n de este Sitio Web no ser\u00e1n responsables de ning\u00fan da\u00f1o al visitante\/usuario, incluyendo, entre otros, da\u00f1os directos, indirectos, incidentales, consecuentes o de cualquier otra \u00edndole que puedan derivarse del acceso, uso o imposibilidad de uso de este Sitio Web, a menos que se demuestre que la omisi\u00f3n se debe a un fraude por parte de la direcci\u00f3n de la Empresa con la intenci\u00f3n de perjudicar a un visitante\/usuario espec\u00edfico. La exclusi\u00f3n de responsabilidad tambi\u00e9n incluye los da\u00f1os causados por la transmisi\u00f3n de un virus al equipo electr\u00f3nico del usuario.<\/span><\/p>\n<p><span lang=\"el-GR\">Finalmente, bajo ninguna circunstancia la Compa\u00f1\u00eda ser\u00e1 responsable de ninguna reclamaci\u00f3n de naturaleza legal o civil y\/o penal ni de ning\u00fan da\u00f1o (positivo, especial o consecuencial que, a t\u00edtulo indicativo y no limitativo, alternativa y\/o acumulativo, consista en p\u00e9rdida de beneficios, datos, lucro cesante, satisfacci\u00f3n financiera, etc.) de los visitantes\/usuarios del Sitio Web o de terceros por cualquier motivo relacionado con el funcionamiento o uso del Sitio Web, incluso si la Compa\u00f1\u00eda es informada de ello.<\/span><\/p>\n<p><span lang=\"el-GR\">DERECHOS DE AUTOR<\/span><\/p>\n<p><span lang=\"el-GR\">El contenido del Sitio Web, incluyendo cualquier informaci\u00f3n, marca registrada o logotipo de la Empresa, constituye propiedad intelectual de la Empresa, protegida de conformidad con la legislaci\u00f3n nacional y europea aplicable en materia de propiedad intelectual (Ley 2121\/1993, Directivas 2000\/31\/CE, 2001\/29\/CE, 2017\/1564, 2019\/790 y Ley 4679\/2020). Por lo tanto, no se permite la copia, reproducci\u00f3n, venta, publicaci\u00f3n ni, en general, la explotaci\u00f3n comercial o de cualquier otro tipo ilegal de este Sitio Web y su contenido sin la autorizaci\u00f3n previa por escrito de la Empresa. En caso contrario, el visitante\/usuario deber\u00e1 indemnizar a la Empresa, de conformidad con lo dispuesto, entre otras cosas, en la legislaci\u00f3n aplicable mencionada anteriormente. Cualquier acto u omisi\u00f3n que pueda suponer la infracci\u00f3n de la propiedad intelectual e industrial de la Compa\u00f1\u00eda podr\u00e1 constituir causa de da\u00f1o positivo o emergente, e incluso responsabilidad penal de los infractores, tal y como exige la Ley 2121\/1993, as\u00ed como la legislaci\u00f3n europea pertinente.<\/span><\/p>\n<p><span lang=\"el-GR\">El contenido del Sitio Web se pone a disposici\u00f3n de sus visitantes\/usuarios para uso personal y se proh\u00edbe su puesta a disposici\u00f3n con fines comerciales.<\/span><\/p>\n<p><span lang=\"el-GR\">CAMBIOS EN EL SITIO WEB<\/span><\/p>\n<p><span lang=\"el-GR\">La Empresa, con el fin de optimizar los m\u00e9todos de comunicaci\u00f3n y la prestaci\u00f3n de sus servicios, podr\u00e1 cambiar la funcionalidad y algunas caracter\u00edsticas del Sitio Web, modificando simult\u00e1neamente los t\u00e9rminos y condiciones pertinentes en cualquier momento y sin previo aviso. En caso de que se realicen cambios en los t\u00e9rminos de uso, la Empresa publicar\u00e1 en l\u00ednea la versi\u00f3n vigente de los mismos, y el uso continuado del Sitio Web o de sus servicios se considerar\u00e1 como aceptaci\u00f3n de los nuevos t\u00e9rminos. Por este motivo, se ruega a cada visitante\/usuario que revise los t\u00e9rminos de uso peri\u00f3dicamente.<\/span><\/p>\n<p><span lang=\"el-GR\">Los t\u00e9rminos de uso m\u00e1s recientes son los actuales y legalmente vinculantes.<\/span><\/p>\n<p><span lang=\"el-GR\">JURISDICCI\u00d3N<\/span><\/p>\n<p><span lang=\"el-GR\">El visitante\/usuario del Sitio Web acepta expresamente que la jurisdicci\u00f3n y competencia exclusivas para cualquier disputa derivada de la aplicaci\u00f3n de los t\u00e9rminos y el uso general del Sitio Web son los Tribunales de Atenas, siendo aplicable la legislaci\u00f3n griega. Si alguno de los t\u00e9rminos anteriores fuera declarado inv\u00e1lido por decisi\u00f3n judicial, esto no afectar\u00e1 la validez ni la fuerza de los t\u00e9rminos restantes, que permanecer\u00e1n en plena vigencia. Asimismo, en caso de que algunos t\u00e9rminos de uso se tornen inaplicables, la validez y\/o fuerza de los t\u00e9rminos restantes no se ver\u00e1 afectada. Los t\u00e9rminos inv\u00e1lidos o inaplicables ser\u00e1n reemplazados por nuevos t\u00e9rminos, para que sean v\u00e1lidos y ejecutables en la mayor medida posible.<\/span><\/p>\n<p><span lang=\"el-GR\">CONEXIONES<\/span><\/p>\n<p><span lang=\"el-GR\">En caso de que el sitio web, ahora o en el futuro, proporcione acceso a sitios web de terceros mediante enlaces, esto se har\u00e1 \u00fanicamente para comodidad de sus visitantes\/usuarios, siendo el uso de estos enlaces responsabilidad exclusiva de los visitantes\/usuarios y los sitios web correspondientes estar\u00e1n sujetos a sus propias condiciones de uso, de las cuales la Empresa no se responsabiliza. La Empresa tampoco se responsabiliza de los errores o el mal funcionamiento de los sitios web de terceros, ni de los da\u00f1os que los usuarios puedan sufrir por el acceso y uso de los servicios prestados a trav\u00e9s de ellos.<\/span><\/p>\n<p><span lang=\"el-GR\">PROTECCI\u00d3N DE DATOS PERSONALES<\/span><\/p>\n<p><span lang=\"el-GR\">La Pol\u00edtica de Privacidad del Sitio Web es parte integral y vinculante de estas condiciones de uso, la cual detalla la protecci\u00f3n de los datos personales que nos proporciona. La Empresa se compromete a garantizar un alto nivel de protecci\u00f3n de los datos personales del visitante\/usuario del Sitio Web, de conformidad con la legislaci\u00f3n nacional y de la UE en materia de protecci\u00f3n de datos personales, en particular el Reglamento General de Protecci\u00f3n de Datos (UE) 2016\/679 (RGPD), las disposiciones aplicables y la Ley 4624\/2019. <\/span><\/p>\n<p><span lang=\"el-GR\">El visitante\/usuario, al aceptar las presentes condiciones de uso e introducir sus datos personales, si as\u00ed lo desea, en los campos correspondientes del Sitio Web donde se le d\u00e9 la opci\u00f3n pertinente (formulario de contacto, campo &quot;pedir cita&quot;, formulario de newsletter) da su consentimiento expl\u00edcito, claro y libre respecto a la recogida de sus datos personales para el tratamiento de los mismos con base en los fines de tratamiento pertinentes descritos en detalle en la Pol\u00edtica de Privacidad de la Compa\u00f1\u00eda, en el contexto del uso y explotaci\u00f3n de las funciones del Sitio Web, conservando al mismo tiempo el derecho a acceder y oponerse a su tratamiento mediante la presentaci\u00f3n de una solicitud pertinente para su correcci\u00f3n, uso temporal, bloqueo, no transmisi\u00f3n o eliminaci\u00f3n, siempre que, entre otras cosas, los datos personales ya no sean necesarios en relaci\u00f3n con los fines para los que fueron recogidos. Adem\u00e1s, el visitante\/usuario conserva sus derechos a: a) oponerse al procesamiento de datos personales que le conciernen, b) recibir una respuesta por escrito (en un breve per\u00edodo de tiempo) a su pregunta a la Compa\u00f1\u00eda si los datos personales que le conciernen son o han sido objeto de procesamiento, c) ser informado sobre el progreso del procesamiento durante el per\u00edodo desde su \u00faltima notificaci\u00f3n o informaci\u00f3n, as\u00ed como la l\u00f3gica del procesamiento automatizado de sus datos personales y d) solicitar la portabilidad de sus datos personales, de conformidad con las disposiciones del Reglamento General Europeo de Protecci\u00f3n de Datos (UE) 2016\/679 (GDPR) y la Ley 4624\/2019 e) presentar una reclamaci\u00f3n ante la Autoridad Griega de Protecci\u00f3n de Datos Personales si considera que se han violado sus derechos con respecto a la protecci\u00f3n de sus datos personales.<\/span><\/p>\n<p><span lang=\"el-GR\">POL\u00cdTICA DE ELIMINACI\u00d3N DE DATOS <\/span><\/p>\n<p><span lang=\"el-GR\">El visitante\/usuario, si desea eliminar definitivamente sus datos personales que haya introducido en los campos correspondientes del Sitio Web donde se le d\u00e9 la opci\u00f3n pertinente (formulario de contacto, campo &quot;reservar cita&quot;, formulario de newsletter), puede ponerse en contacto con \u00e9l\/ella mediante correo electr\u00f3nico a la direcci\u00f3n info@<\/span><span lang=\"en-US\">antienvejecimiento<\/span><span lang=\"el-GR\">.gramo<\/span><\/p>\n<p lang=\"el-GR\">\n<p><span lang=\"el-GR\">CONTACTE CON LA EMPRESA<\/span><\/p>\n<p><span lang=\"el-GR\">Para presentar cualquier solicitud, incluida la comunicaci\u00f3n con el administrador del Sitio Web, informaci\u00f3n, aclaraciones, solicitud de uso y reproducci\u00f3n de una parte del Sitio Web, puede ponerse en contacto con el departamento de atenci\u00f3n al cliente al 2106929999 o enviar un correo electr\u00f3nico a: <\/span><a href=\"mailto:info@antiagers.gr\"><span style=\"color: #0563c1;\"><u><span lang=\"el-GR\">informaci\u00f3n@<\/span><\/u><\/span><span style=\"color: #0563c1;\"><u><span lang=\"en-US\">antienvejecimiento<\/span><\/u><\/span><span style=\"color: #0563c1;\"><u><span lang=\"el-GR\">.<\/span><\/u><\/span><span style=\"color: #0563c1;\"><u><span lang=\"en-US\">gramo<\/span><\/u><\/span><\/a><\/p>\n<p lang=\"el-GR\">[\/et_pb_text][\/et_pb_column][\/et_pb_row][\/et_pb_section]<\/p>","protected":false},"excerpt":{"rendered":"<p>\u039f\u03a1\u039f\u0399 \u03a7\u03a1\u0397\u03a3\u0397\u03a3\u0397 \u03c7\u03c1\u03ae\u03c3\u03b7 \u03c4\u03b7\u03c2 \u03c0\u03b1\u03c1\u03bf\u03cd\u03c3\u03b1\u03c2 \u03b9\u03c3\u03c4\u03bf\u03c3\u03b5\u03bb\u03af\u03b4\u03b1\u03c2 (\u03b5\u03c6\u03b5\u03be\u03ae\u03c2 \u03b7 \u00ab\u0399\u03c3\u03c4\u03bf\u03c3\u03b5\u03bb\u03af\u03b4\u03b1\u00bb) \u03b4\u03b9\u03ad\u03c0\u03b5\u03c4\u03b1\u03b9 \u03b1\u03c0\u03cc \u03c4\u03bf\u03c5\u03c2 \u03cc\u03c1\u03bf\u03c5\u03c2 \u03ba\u03b1\u03b9 \u03c0\u03c1\u03bf\u03cb\u03c0\u03bf\u03b8\u03ad\u03c3\u03b5\u03b9\u03c2 \u03c0\u03bf\u03c5 \u03c0\u03b1\u03c1\u03b1\u03c4\u03af\u03b8\u03b5\u03bd\u03c4\u03b1\u03b9 \u03c3\u03c4\u03bf \u03c0\u03b1\u03c1\u03cc\u03bd \u03ba\u03b1\u03b9 \u03b9\u03c3\u03c7\u03cd\u03bf\u03c5\u03bd \u03b3\u03b9\u03b1 \u03c4\u03bf \u03c3\u03cd\u03bd\u03bf\u03bb\u03bf \u03c4\u03bf\u03c5 \u03c0\u03b5\u03c1\u03b9\u03b5\u03c7\u03bf\u03bc\u03ad\u03bd\u03bf\u03c5 \u03c4\u03b7\u03c2 \u03ba\u03b1\u03b9 \u03c4\u03c9\u03bd \u03b5\u03c0\u03b9\u03bc\u03ad\u03c1\u03bf\u03c5\u03c2 \u03c3\u03b5\u03bb\u03af\u03b4\u03c9\u03bd \u03c4\u03b7\u03c2. \u0397 \u03c0\u03b5\u03c1\u03b9\u03ae\u03b3\u03b7\u03c3\u03b7, \u03b7 \u03c0\u03c1\u03cc\u03c3\u03b2\u03b1\u03c3\u03b7 \u03ae \u03b7 \u03c7\u03c1\u03ae\u03c3\u03b7 \u03c4\u03b7\u03c2 \u0399\u03c3\u03c4\u03bf\u03c3\u03b5\u03bb\u03af\u03b4\u03b1\u03c2 \u03ba\u03b1\u03b9 \u03c4\u03c9\u03bd \u03cc\u03c0\u03bf\u03b9\u03c9\u03bd \u03c5\u03c0\u03b7\u03c1\u03b5\u03c3\u03b9\u03ce\u03bd \u03b4\u03b9\u03b1\u03c4\u03af\u03b8\u03b5\u03bd\u03c4\u03b1\u03b9 \u03bc\u03ad\u03c3\u03c9 \u03b1\u03c5\u03c4\u03ae\u03c2 \u03b1\u03c0\u03bf\u03c4\u03b5\u03bb\u03b5\u03af \u03c4\u03b5\u03ba\u03bc\u03ae\u03c1\u03b9\u03bf \u03cc\u03c4\u03b9 \u03ad\u03c7\u03b5\u03c4\u03b5 \u03bc\u03b5\u03bb\u03b5\u03c4\u03ae\u03c3\u03b5\u03b9, \u03ba\u03b1\u03c4\u03b1\u03bd\u03bf\u03ae\u03c3\u03b5\u03b9 \u03ba\u03b1\u03b9 [&hellip;]<\/p>","protected":false},"author":1,"featured_media":0,"parent":0,"menu_order":0,"comment_status":"closed","ping_status":"closed","template":"","meta":{"_et_pb_use_builder":"on","_et_pb_old_content":"","_et_gb_content_width":"","footnotes":""},"class_list":["post-5808","page","type-page","status-publish","hentry"],"_links":{"self":[{"href":"https:\/\/theantiagers.gr\/es\/wp-json\/wp\/v2\/pages\/5808","targetHints":{"allow":["GET"]}}],"collection":[{"href":"https:\/\/theantiagers.gr\/es\/wp-json\/wp\/v2\/pages"}],"about":[{"href":"https:\/\/theantiagers.gr\/es\/wp-json\/wp\/v2\/types\/page"}],"author":[{"embeddable":true,"href":"https:\/\/theantiagers.gr\/es\/wp-json\/wp\/v2\/users\/1"}],"replies":[{"embeddable":true,"href":"https:\/\/theantiagers.gr\/es\/wp-json\/wp\/v2\/comments?post=5808"}],"version-history":[{"count":2,"href":"https:\/\/theantiagers.gr\/es\/wp-json\/wp\/v2\/pages\/5808\/revisions"}],"predecessor-version":[{"id":5810,"href":"https:\/\/theantiagers.gr\/es\/wp-json\/wp\/v2\/pages\/5808\/revisions\/5810"}],"wp:attachment":[{"href":"https:\/\/theantiagers.gr\/es\/wp-json\/wp\/v2\/media?parent=5808"}],"curies":[{"name":"wp","href":"https:\/\/api.w.org\/{rel}","templated":true}]}}