{"id":5808,"date":"2023-11-29T08:07:01","date_gmt":"2023-11-29T08:07:01","guid":{"rendered":"https:\/\/theantiagers.gr\/?page_id=5808"},"modified":"2023-11-29T08:08:20","modified_gmt":"2023-11-29T08:08:20","slug":"%ce%bf%cf%81%ce%bf%ce%b9-%cf%87%cf%81%ce%b7%cf%83%ce%b7%cf%82","status":"publish","type":"page","link":"https:\/\/theantiagers.gr\/fr\/%ce%bf%cf%81%ce%bf%ce%b9-%cf%87%cf%81%ce%b7%cf%83%ce%b7%cf%82\/","title":{"rendered":"CONDITIONS D&#039;UTILISATION"},"content":{"rendered":"<p>[et_pb_section fb_built=&#8221;1&#8243; _builder_version=&#8221;4.23.1&#8243; _module_preset=&#8221;default&#8221; global_colors_info=&#8221;{}&#8221;][et_pb_row _builder_version=&#8221;4.23.1&#8243; _module_preset=&#8221;default&#8221; global_colors_info=&#8221;{}&#8221;][et_pb_column type=&#8221;4_4&#8243; _builder_version=&#8221;4.23.1&#8243; _module_preset=&#8221;default&#8221; global_colors_info=&#8221;{}&#8221;][et_pb_text _builder_version=&#8221;4.23.1&#8243; _module_preset=&#8221;default&#8221; hover_enabled=&#8221;0&#8243; global_colors_info=&#8221;{}&#8221; sticky_enabled=&#8221;0&#8243;]<\/p>\n<h2><span lang=\"el-GR\"><b>CONDITIONS D&#039;UTILISATION<\/b><\/span><\/h2>\n<p>[\/et_pb_text][\/et_pb_column][\/et_pb_row][et_pb_row _builder_version=&#8221;4.23.1&#8243; _module_preset=&#8221;default&#8221; global_colors_info=&#8221;{}&#8221; min_height=&#8221;2761.2px&#8221;][et_pb_column type=&#8221;4_4&#8243; _builder_version=&#8221;4.23.1&#8243; _module_preset=&#8221;default&#8221; global_colors_info=&#8221;{}&#8221;][et_pb_text _builder_version=&#8221;4.23.1&#8243; _module_preset=&#8221;default&#8221; hover_enabled=&#8221;0&#8243; global_colors_info=&#8221;{}&#8221; sticky_enabled=&#8221;0&#8243;]<\/p>\n<p><span lang=\"el-GR\">L&#039;utilisation de ce site Web (ci-apr\u00e8s le \u00ab Site Web \u00bb) est r\u00e9gie par les termes et conditions \u00e9nonc\u00e9s dans les pr\u00e9sentes et s&#039;appliquent \u00e0 l&#039;ensemble de son contenu et \u00e0 ses pages individuelles.<\/span><\/p>\n<p><span lang=\"el-GR\">La navigation, l&#039;acc\u00e8s ou l&#039;utilisation du site web et des services propos\u00e9s par celui-ci constituent la preuve que vous avez lu, compris et accept\u00e9 l&#039;int\u00e9gralit\u00e9 des conditions d&#039;utilisation. Nous vous invitons donc \u00e0 lire attentivement leur contenu au pr\u00e9alable. Si vous n&#039;acceptez pas les conditions d&#039;utilisation du site web, vous ne devez pas utiliser les services et le contenu de celui-ci.<\/span><\/p>\n<p><span lang=\"el-GR\">Le contenu actuel du site Web appartient exclusivement \u00e0 la soci\u00e9t\u00e9 VELIMVASAKIS PRIVATE PLASTIC SURGERY CLINIC SOLE OWNER IKE et le num\u00e9ro d&#039;identification <\/span><span lang=\"en-US\">ANTI-\u00c2GE<\/span><span lang=\"el-GR\"> (ci-apr\u00e8s la \u00ab\u00a0Soci\u00e9t\u00e9\u00a0\u00bb) est prot\u00e9g\u00e9e par les lois et conventions nationales et internationales, notamment les lois sur la protection de la propri\u00e9t\u00e9 intellectuelle et des marques. Toute reproduction, par quelque proc\u00e9d\u00e9 que ce soit, de tout ou partie du contenu de ce site web, sans l&#039;autorisation \u00e9crite pr\u00e9alable de la Soci\u00e9t\u00e9, est express\u00e9ment interdite.<\/span><\/p>\n<p><span lang=\"el-GR\">CONDITIONS D&#039;UTILISATION<\/span><\/p>\n<p><span lang=\"el-GR\">L&#039;acc\u00e8s et l&#039;utilisation du Site Web et de son contenu rel\u00e8vent de la seule responsabilit\u00e9 de chaque visiteur\/utilisateur. <\/span><\/p>\n<p><span lang=\"el-GR\">L&#039;utilisation du site web est r\u00e9serv\u00e9e aux personnes \u00e2g\u00e9es de plus de 18 ans et jouissant de leur pleine capacit\u00e9 juridique. En utilisant le site web, l&#039;utilisateur d\u00e9clare automatiquement avoir atteint l&#039;\u00e2ge de 18 ans.<\/span><\/p>\n<p><span lang=\"el-GR\">Le visiteur\/utilisateur peut consulter les sites web g\u00e9r\u00e9s par la Soci\u00e9t\u00e9 sans r\u00e9v\u00e9ler son identit\u00e9 ni fournir d&#039;informations personnelles. Dans une section sp\u00e9cifique du site web, vous pourrez, si vous le souhaitez, saisir vos donn\u00e9es personnelles (ci-apr\u00e8s \u00ab\u00a0utilisateurs\u00a0\u00bb) dans le formulaire de contact de la Soci\u00e9t\u00e9 afin d&#039;entrer en contact avec l&#039;un de nos collaborateurs comp\u00e9tents.<\/span><\/p>\n<p><span lang=\"el-GR\">LIMITATION DE RESPONSABILIT\u00c9<\/span><\/p>\n<p><span lang=\"el-GR\">La Soci\u00e9t\u00e9, \u00e0 travers la cr\u00e9ation du Site Internet, a pour objectif d&#039;informer le public sur la Soci\u00e9t\u00e9 et ses services.<\/span><\/p>\n<p><span lang=\"el-GR\">Les informations relatives aux services et solutions que vous trouverez sur ce site web sont fournies par la Soci\u00e9t\u00e9 \u00e0 titre d&#039;information g\u00e9n\u00e9rale. Elles ne constituent pas une information m\u00e9dicale exhaustive. <\/span><\/p>\n<p><span lang=\"el-GR\">Le site web contient des informations sur les pathologies et leurs options de prise en charge. La Soci\u00e9t\u00e9 ne garantit pas que le contenu du site web soit appropri\u00e9 ou disponible pour une utilisation en dehors du public cible. De plus, rien sur le site web ne doit \u00eatre interpr\u00e9t\u00e9 comme fournissant un quelconque conseil ou recommandation m\u00e9dicale, et ne doit pas servir de base \u00e0 une d\u00e9cision ou \u00e0 une action. Tout avis m\u00e9dical sp\u00e9cifique doit toujours \u00eatre demand\u00e9 \u00e0 un m\u00e9decin qualifi\u00e9. Le contenu de ce site web ne se substitue en aucun cas \u00e0 un avis m\u00e9dical personnalis\u00e9, un diagnostic, un pronostic ou une solution.<\/span><\/p>\n<p><span lang=\"el-GR\">La Soci\u00e9t\u00e9 met tout en \u0153uvre pour garantir l&#039;exactitude des informations relatives aux services fournis sur le site web. Cependant, des divergences sont possibles. Pour toute question ou commentaire concernant le contenu des descriptions de services, nous vous recommandons de nous contacter. <\/span><\/p>\n<p><span lang=\"el-GR\">Le visiteur\/utilisateur assume tous les risques pouvant d\u00e9couler de l&#039;acc\u00e8s et de l&#039;utilisation du Site. La Soci\u00e9t\u00e9 et toute partie ayant particip\u00e9 \u00e0 la cr\u00e9ation, \u00e0 la conception ou \u00e0 la mise \u00e0 disposition de ce Site d\u00e9clinent toute responsabilit\u00e9 en cas de dommage caus\u00e9 au visiteur\/utilisateur, y compris, mais sans s&#039;y limiter, tout dommage direct, indirect, accessoire, cons\u00e9cutif ou autre pouvant d\u00e9couler de l&#039;acc\u00e8s, de l&#039;utilisation ou de l&#039;impossibilit\u00e9 d&#039;utiliser ce Site, sauf s&#039;il est prouv\u00e9 que l&#039;omission r\u00e9sulte d&#039;une fraude de la direction de la Soci\u00e9t\u00e9 visant \u00e0 nuire \u00e0 un visiteur\/utilisateur sp\u00e9cifique. L&#039;exclusion de responsabilit\u00e9 inclut \u00e9galement tout dommage caus\u00e9 par la transmission d&#039;un virus \u00e0 l&#039;\u00e9quipement \u00e9lectronique de l&#039;utilisateur.<\/span><\/p>\n<p><span lang=\"el-GR\">Enfin, en aucun cas la Soci\u00e9t\u00e9 ne sera responsable de toute r\u00e9clamation de nature l\u00e9gale ou civile et\/ou p\u00e9nale ni de tout dommage (positif, sp\u00e9cial ou cons\u00e9cutif qui, \u00e0 titre indicatif et non limitatif, consiste alternativement et\/ou cumulativement en une perte de profits, de donn\u00e9es, de manque \u00e0 gagner, de satisfaction financi\u00e8re, etc.) de la part des visiteurs\/utilisateurs du Site Web ou de tiers pour toute raison li\u00e9e au fonctionnement ou \u00e0 l&#039;utilisation du Site Web, m\u00eame si la Soci\u00e9t\u00e9 en est inform\u00e9e.<\/span><\/p>\n<p><span lang=\"el-GR\">DROITS D&#039;AUTEUR<\/span><\/p>\n<p><span lang=\"el-GR\">Le contenu du pr\u00e9sent site web, y compris les informations, marques commerciales ou logos de la Soci\u00e9t\u00e9, constitue la propri\u00e9t\u00e9 intellectuelle de la Soci\u00e9t\u00e9, prot\u00e9g\u00e9e conform\u00e9ment aux lois nationales et europ\u00e9ennes applicables en mati\u00e8re de propri\u00e9t\u00e9 intellectuelle (loi n\u00b0\u00a02121\/1993, directives\u00a02000\/31\/CE,\u00a02001\/29\/CE,\u00a02017\/1564,\u00a02019\/790 et loi n\u00b0\u00a04679\/2020). Par cons\u00e9quent, toute copie, reproduction, vente, publication ou exploitation commerciale ou autre, g\u00e9n\u00e9ralement ill\u00e9gale, de ce site web et de son contenu est interdite sans l&#039;autorisation \u00e9crite pr\u00e9alable de la Soci\u00e9t\u00e9. Dans le cas contraire, le visiteur\/utilisateur sera tenu d&#039;indemniser la Soci\u00e9t\u00e9, conform\u00e9ment aux dispositions des lois applicables susmentionn\u00e9es. Tout acte ou omission pouvant conduire \u00e0 la violation de la propri\u00e9t\u00e9 intellectuelle et industrielle de la Soci\u00e9t\u00e9 peut constituer la cause de dommages positifs ou indirects, voire de responsabilit\u00e9 p\u00e9nale des contrevenants, comme l&#039;exige la loi 2121\/1993, ainsi que la l\u00e9gislation europ\u00e9enne pertinente.<\/span><\/p>\n<p><span lang=\"el-GR\">Le contenu du Site est mis \u00e0 disposition de ses visiteurs\/utilisateurs pour un usage personnel et il est interdit de le mettre \u00e0 disposition \u00e0 des fins commerciales.<\/span><\/p>\n<p><span lang=\"el-GR\">MODIFICATIONS DU SITE WEB<\/span><\/p>\n<p><span lang=\"el-GR\">Afin d&#039;optimiser ses moyens de communication et la fourniture de ses services, la Soci\u00e9t\u00e9 peut modifier les fonctionnalit\u00e9s et certaines caract\u00e9ristiques du Site Internet, et modifier simultan\u00e9ment les conditions g\u00e9n\u00e9rales correspondantes, \u00e0 tout moment et sans pr\u00e9avis. En cas de modification des conditions d&#039;utilisation, la Soci\u00e9t\u00e9 publiera en ligne la version en vigueur des conditions d&#039;utilisation, et l&#039;utilisation continue du Site Internet ou de ses services sera r\u00e9put\u00e9e valoir acceptation des nouvelles conditions. Par cons\u00e9quent, chaque visiteur\/utilisateur est invit\u00e9 \u00e0 consulter r\u00e9guli\u00e8rement les conditions d&#039;utilisation.<\/span><\/p>\n<p><span lang=\"el-GR\">Les conditions d&#039;utilisation les plus r\u00e9centes sont celles en vigueur et juridiquement contraignantes.<\/span><\/p>\n<p><span lang=\"el-GR\">JURIDICTION<\/span><\/p>\n<p><span lang=\"el-GR\">Le visiteur\/utilisateur du site web reconna\u00eet express\u00e9ment que la comp\u00e9tence exclusive pour tout litige d\u00e9coulant de l&#039;application des pr\u00e9sentes conditions et de l&#039;utilisation g\u00e9n\u00e9rale du site web est celle des tribunaux d&#039;Ath\u00e8nes, et que le droit grec est applicable. Si l&#039;une des conditions ci-dessus est d\u00e9clar\u00e9e nulle par d\u00e9cision de justice, cela n&#039;affecte pas la validit\u00e9 des autres conditions, qui restent pleinement en vigueur. De m\u00eame, si certaines conditions d&#039;utilisation deviennent inapplicables, la validit\u00e9 des autres conditions n&#039;en sera pas affect\u00e9e. Les conditions invalides et\/ou inapplicables seront remplac\u00e9es par de nouvelles conditions, afin qu&#039;elles redeviennent valides et applicables dans toute la mesure du possible.<\/span><\/p>\n<p><span lang=\"el-GR\">RELATIONS<\/span><\/p>\n<p><span lang=\"el-GR\">Si le site web propose, actuellement ou ult\u00e9rieurement, l&#039;acc\u00e8s \u00e0 des sites web tiers via des liens, ce sera uniquement pour la commodit\u00e9 des visiteurs\/utilisateurs. L&#039;utilisation de ces liens rel\u00e8ve de leur seule responsabilit\u00e9 et les sites web correspondants seront soumis \u00e0 leurs propres conditions d&#039;utilisation, dont la Soci\u00e9t\u00e9 d\u00e9cline toute responsabilit\u00e9. La Soci\u00e9t\u00e9 d\u00e9cline \u00e9galement toute responsabilit\u00e9 en cas d&#039;erreur ou de dysfonctionnement des sites web tiers, ainsi que de tout dommage subi par les utilisateurs suite \u00e0 l&#039;acc\u00e8s et \u00e0 l&#039;utilisation des services fournis par leur interm\u00e9diaire.<\/span><\/p>\n<p><span lang=\"el-GR\">PROTECTION DES DONN\u00c9ES PERSONNELLES<\/span><\/p>\n<p><span lang=\"el-GR\">La Politique de confidentialit\u00e9 du site web fait partie int\u00e9grante des pr\u00e9sentes conditions d&#039;utilisation et a force obligatoire. Elle d\u00e9crit en d\u00e9tail la protection des donn\u00e9es personnelles que vous nous fournissez. La Soci\u00e9t\u00e9 s&#039;engage \u00e0 assurer un niveau \u00e9lev\u00e9 de protection des donn\u00e9es personnelles des visiteurs\/utilisateurs du site web, conform\u00e9ment aux exigences de la l\u00e9gislation nationale et europ\u00e9enne sur la protection des donn\u00e9es personnelles, et notamment au R\u00e8glement g\u00e9n\u00e9ral sur la protection des donn\u00e9es (UE) 2016\/679 (RGPD) et aux dispositions applicables, ainsi qu&#039;\u00e0 la loi n\u00b0 4624\/2019. <\/span><\/p>\n<p><span lang=\"el-GR\">Le visiteur\/utilisateur, en acceptant les pr\u00e9sentes conditions d&#039;utilisation et en saisissant ses donn\u00e9es personnelles, s&#039;il le souhaite, dans les champs correspondants du Site o\u00f9 l&#039;option correspondante est donn\u00e9e (formulaire de contact, champ \u00ab prendre rendez-vous \u00bb, formulaire de newsletter) donne son consentement explicite, clair et libre concernant la collecte de ses donn\u00e9es personnelles pour le traitement de celles-ci sur la base des finalit\u00e9s de traitement pertinentes d\u00e9crites en d\u00e9tail dans la Politique de Confidentialit\u00e9 de la Soci\u00e9t\u00e9, dans le cadre de l&#039;utilisation et de l&#039;exploitation des fonctions du Site, tout en conservant le droit d&#039;acc\u00e9der et de s&#039;opposer \u00e0 leur traitement sur pr\u00e9sentation d&#039;une demande pertinente de rectification, d&#039;utilisation temporaire, de blocage, de non-transmission ou de suppression, \u00e0 condition, entre autres, que les donn\u00e9es personnelles ne soient plus n\u00e9cessaires au regard des finalit\u00e9s pour lesquelles elles ont \u00e9t\u00e9 collect\u00e9es. Fran\u00e7ais En outre, le visiteur\/utilisateur conserve ses droits \u00e0 : a) s&#039;opposer au traitement des donn\u00e9es personnelles le concernant, b) recevoir une r\u00e9ponse \u00e9crite (dans un court d\u00e9lai) \u00e0 sa question \u00e0 la Soci\u00e9t\u00e9 si les donn\u00e9es personnelles le concernant font ou ont fait l&#039;objet d&#039;un traitement, c) \u00eatre inform\u00e9 de l&#039;avancement du traitement pour la p\u00e9riode \u00e9coul\u00e9e depuis sa pr\u00e9c\u00e9dente notification ou information ainsi que de la logique du traitement automatis\u00e9 de ses donn\u00e9es personnelles et d) demander la portabilit\u00e9 de ses donn\u00e9es personnelles, conform\u00e9ment aux dispositions du R\u00e8glement g\u00e9n\u00e9ral europ\u00e9en sur la protection des donn\u00e9es (UE) 2016\/679 (RGPD) et de la loi 4624\/2019 e) d\u00e9poser une plainte aupr\u00e8s de l&#039;Autorit\u00e9 grecque de protection des donn\u00e9es personnelles s&#039;il estime que ses droits concernant la protection de ses donn\u00e9es personnelles ont \u00e9t\u00e9 viol\u00e9s.<\/span><\/p>\n<p><span lang=\"el-GR\">POLITIQUE DE SUPPRESSION DES DONN\u00c9ES <\/span><\/p>\n<p><span lang=\"el-GR\">Le visiteur\/utilisateur, s&#039;il souhaite supprimer d\u00e9finitivement ses donn\u00e9es personnelles qu&#039;il a saisies dans les champs correspondants du Site o\u00f9 l&#039;option correspondante est donn\u00e9e (formulaire de contact, champ \u00ab prendre rendez-vous \u00bb, formulaire de newsletter), peut le contacter par e-mail \u00e0 l&#039;adresse info@<\/span><span lang=\"en-US\">anti-\u00e2ge<\/span><span lang=\"el-GR\">.gr<\/span><\/p>\n<p lang=\"el-GR\">\n<p><span lang=\"el-GR\">CONTACTER L&#039;ENTREPRISE<\/span><\/p>\n<p><span lang=\"el-GR\">Pour soumettre toute demande, y compris la communication avec l&#039;administrateur du site Web, les informations, les clarifications, la demande d&#039;utilisation et de reproduction d&#039;une partie du site Web, vous pouvez contacter le service client au 2106929999 ou envoyer un e-mail \u00e0 : <\/span><a href=\"mailto:info@antiagers.gr\"><span style=\"color: #0563c1;\"><u><span lang=\"el-GR\">info@<\/span><\/u><\/span><span style=\"color: #0563c1;\"><u><span lang=\"en-US\">anti-\u00e2ge<\/span><\/u><\/span><span style=\"color: #0563c1;\"><u><span lang=\"el-GR\">.<\/span><\/u><\/span><span style=\"color: #0563c1;\"><u><span lang=\"en-US\">gr<\/span><\/u><\/span><\/a><\/p>\n<p lang=\"el-GR\">[\/et_pb_text][\/et_pb_column][\/et_pb_row][\/et_pb_section]<\/p>","protected":false},"excerpt":{"rendered":"<p>\u039f\u03a1\u039f\u0399 \u03a7\u03a1\u0397\u03a3\u0397\u03a3\u0397 \u03c7\u03c1\u03ae\u03c3\u03b7 \u03c4\u03b7\u03c2 \u03c0\u03b1\u03c1\u03bf\u03cd\u03c3\u03b1\u03c2 \u03b9\u03c3\u03c4\u03bf\u03c3\u03b5\u03bb\u03af\u03b4\u03b1\u03c2 (\u03b5\u03c6\u03b5\u03be\u03ae\u03c2 \u03b7 \u00ab\u0399\u03c3\u03c4\u03bf\u03c3\u03b5\u03bb\u03af\u03b4\u03b1\u00bb) \u03b4\u03b9\u03ad\u03c0\u03b5\u03c4\u03b1\u03b9 \u03b1\u03c0\u03cc \u03c4\u03bf\u03c5\u03c2 \u03cc\u03c1\u03bf\u03c5\u03c2 \u03ba\u03b1\u03b9 \u03c0\u03c1\u03bf\u03cb\u03c0\u03bf\u03b8\u03ad\u03c3\u03b5\u03b9\u03c2 \u03c0\u03bf\u03c5 \u03c0\u03b1\u03c1\u03b1\u03c4\u03af\u03b8\u03b5\u03bd\u03c4\u03b1\u03b9 \u03c3\u03c4\u03bf \u03c0\u03b1\u03c1\u03cc\u03bd \u03ba\u03b1\u03b9 \u03b9\u03c3\u03c7\u03cd\u03bf\u03c5\u03bd \u03b3\u03b9\u03b1 \u03c4\u03bf \u03c3\u03cd\u03bd\u03bf\u03bb\u03bf \u03c4\u03bf\u03c5 \u03c0\u03b5\u03c1\u03b9\u03b5\u03c7\u03bf\u03bc\u03ad\u03bd\u03bf\u03c5 \u03c4\u03b7\u03c2 \u03ba\u03b1\u03b9 \u03c4\u03c9\u03bd \u03b5\u03c0\u03b9\u03bc\u03ad\u03c1\u03bf\u03c5\u03c2 \u03c3\u03b5\u03bb\u03af\u03b4\u03c9\u03bd \u03c4\u03b7\u03c2. \u0397 \u03c0\u03b5\u03c1\u03b9\u03ae\u03b3\u03b7\u03c3\u03b7, \u03b7 \u03c0\u03c1\u03cc\u03c3\u03b2\u03b1\u03c3\u03b7 \u03ae \u03b7 \u03c7\u03c1\u03ae\u03c3\u03b7 \u03c4\u03b7\u03c2 \u0399\u03c3\u03c4\u03bf\u03c3\u03b5\u03bb\u03af\u03b4\u03b1\u03c2 \u03ba\u03b1\u03b9 \u03c4\u03c9\u03bd \u03cc\u03c0\u03bf\u03b9\u03c9\u03bd \u03c5\u03c0\u03b7\u03c1\u03b5\u03c3\u03b9\u03ce\u03bd \u03b4\u03b9\u03b1\u03c4\u03af\u03b8\u03b5\u03bd\u03c4\u03b1\u03b9 \u03bc\u03ad\u03c3\u03c9 \u03b1\u03c5\u03c4\u03ae\u03c2 \u03b1\u03c0\u03bf\u03c4\u03b5\u03bb\u03b5\u03af \u03c4\u03b5\u03ba\u03bc\u03ae\u03c1\u03b9\u03bf \u03cc\u03c4\u03b9 \u03ad\u03c7\u03b5\u03c4\u03b5 \u03bc\u03b5\u03bb\u03b5\u03c4\u03ae\u03c3\u03b5\u03b9, \u03ba\u03b1\u03c4\u03b1\u03bd\u03bf\u03ae\u03c3\u03b5\u03b9 \u03ba\u03b1\u03b9 [&hellip;]<\/p>","protected":false},"author":1,"featured_media":0,"parent":0,"menu_order":0,"comment_status":"closed","ping_status":"closed","template":"","meta":{"_et_pb_use_builder":"on","_et_pb_old_content":"","_et_gb_content_width":"","footnotes":""},"class_list":["post-5808","page","type-page","status-publish","hentry"],"_links":{"self":[{"href":"https:\/\/theantiagers.gr\/fr\/wp-json\/wp\/v2\/pages\/5808","targetHints":{"allow":["GET"]}}],"collection":[{"href":"https:\/\/theantiagers.gr\/fr\/wp-json\/wp\/v2\/pages"}],"about":[{"href":"https:\/\/theantiagers.gr\/fr\/wp-json\/wp\/v2\/types\/page"}],"author":[{"embeddable":true,"href":"https:\/\/theantiagers.gr\/fr\/wp-json\/wp\/v2\/users\/1"}],"replies":[{"embeddable":true,"href":"https:\/\/theantiagers.gr\/fr\/wp-json\/wp\/v2\/comments?post=5808"}],"version-history":[{"count":2,"href":"https:\/\/theantiagers.gr\/fr\/wp-json\/wp\/v2\/pages\/5808\/revisions"}],"predecessor-version":[{"id":5810,"href":"https:\/\/theantiagers.gr\/fr\/wp-json\/wp\/v2\/pages\/5808\/revisions\/5810"}],"wp:attachment":[{"href":"https:\/\/theantiagers.gr\/fr\/wp-json\/wp\/v2\/media?parent=5808"}],"curies":[{"name":"wp","href":"https:\/\/api.w.org\/{rel}","templated":true}]}}