{"id":5804,"date":"2023-11-29T08:02:01","date_gmt":"2023-11-29T08:02:01","guid":{"rendered":"https:\/\/theantiagers.gr\/?page_id=5804"},"modified":"2023-11-29T08:04:04","modified_gmt":"2023-11-29T08:04:04","slug":"%cf%80%ce%bf%ce%bb%ce%b9%cf%84%ce%b9%ce%ba%ce%b7-%ce%b1%cf%80%ce%bf%cf%81%cf%81%ce%b7%cf%84%ce%bf%cf%85","status":"publish","type":"page","link":"https:\/\/theantiagers.gr\/it\/%cf%80%ce%bf%ce%bb%ce%b9%cf%84%ce%b9%ce%ba%ce%b7-%ce%b1%cf%80%ce%bf%cf%81%cf%81%ce%b7%cf%84%ce%bf%cf%85\/","title":{"rendered":"POLITICA SULLA RISERVATEZZA"},"content":{"rendered":"<p>[et_pb_section fb_built=&#8221;1&#8243; theme_builder_area=&#8221;post_content&#8221; _builder_version=&#8221;4.23.1&#8243; _module_preset=&#8221;default&#8221;][et_pb_row _builder_version=&#8221;4.23.1&#8243; _module_preset=&#8221;default&#8221; theme_builder_area=&#8221;post_content&#8221;][et_pb_column _builder_version=&#8221;4.23.1&#8243; _module_preset=&#8221;default&#8221; type=&#8221;4_4&#8243; theme_builder_area=&#8221;post_content&#8221;][et_pb_text _builder_version=&#8221;4.23.1&#8243; _module_preset=&#8221;default&#8221; theme_builder_area=&#8221;post_content&#8221; hover_enabled=&#8221;0&#8243; sticky_enabled=&#8221;0&#8243;]<\/p>\n<h2><span lang=\"el-GR\"><b>POLITICA SULLA RISERVATEZZA<\/b><\/span><\/h2>\n<p>[\/et_pb_text][\/et_pb_column][\/et_pb_row][et_pb_row _builder_version=&#8221;4.23.1&#8243; _module_preset=&#8221;default&#8221; theme_builder_area=&#8221;post_content&#8221;][et_pb_column _builder_version=&#8221;4.23.1&#8243; _module_preset=&#8221;default&#8221; type=&#8221;4_4&#8243; theme_builder_area=&#8221;post_content&#8221;][et_pb_text _builder_version=&#8221;4.23.1&#8243; _module_preset=&#8221;default&#8221; theme_builder_area=&#8221;post_content&#8221; hover_enabled=&#8221;0&#8243; sticky_enabled=&#8221;0&#8243;]<\/p>\n<p><span lang=\"el-GR\">CLINICA PRIVATA DI CHIRURGIA PLASTICA VELIMVASAKIS MONOUSO IKE e il numero ID <\/span><span lang=\"en-US\">ANTI-ET\u00c0<\/span><span lang=\"el-GR\"> (di seguito la &quot;Societ\u00e0&quot;), riconosce pienamente la necessit\u00e0 di garantire la riservatezza dei dati personali degli utenti del presente sito web (di seguito il &quot;Sito Web&quot;) nonch\u00e9 la loro sicurezza e pertanto adotta tutte le azioni necessarie per raggiungere tali obiettivi.<\/span><\/p>\n<p><span lang=\"el-GR\">La presente Informativa sulla privacy, che costituisce parte integrante delle Condizioni d&#039;uso del Sito Web, descrive chiaramente le tipologie di dati personali dei visitatori\/utenti che possono essere raccolti dalla Societ\u00e0 nell&#039;ambito del loro accesso allo spazio online.<\/span><\/p>\n<p><span lang=\"el-GR\">In particolare, verranno descritte le modalit\u00e0 con cui i dati personali degli utenti potranno essere utilizzati, trattati, conservati e per quali finalit\u00e0, sempre nel rispetto della normativa vigente in materia di protezione dei dati personali e in particolare del Regolamento generale sulla protezione dei dati (UE 2016\/679, <\/span>GDPR<span lang=\"el-GR\">) e dalla Legge 4624\/2019. Qualora l&#039;utente non accetti i presenti termini, non dovr\u00e0 compilare i campi richiesti relativi al proprio Login e alle comunicazioni della Societ\u00e0 con lui\/lei, ma dovr\u00e0 utilizzare altri metodi di comunicazione con i Responsabili della Societ\u00e0. La presente Informativa sulla Privacy non copre in alcun modo il rapporto tra gli utenti del Sito Web e qualsiasi servizio che non sia soggetto al suo controllo e\/o alla sua titolarit\u00e0.<\/span><\/p>\n<p><span lang=\"el-GR\">DATI PERSONALI DELL&#039;UTENTE<\/span><\/p>\n<p>IL<span lang=\"el-GR\"> Il visitatore\/utente pu\u00f2 visitare il Sito Web gestito e mantenuto dalla Societ\u00e0 senza rivelare la propria identit\u00e0 e senza fornire alcuna informazione personale. In specifiche aree del Sito Web, egli pu\u00f2 inserire, se e quando lo desidera, i dati personali richiesti, da un lato nel caso in cui desideri comunicare con la Societ\u00e0, compilando l&#039;apposito Modulo di Contatto e, dall&#039;altro, nel campo &quot;Prenota un Appuntamento&quot;, se desidera prenotare un servizio con un partner della Societ\u00e0. Allo stesso tempo, qualora acconsenta espressamente, pu\u00f2 inserire il proprio indirizzo e-mail (<\/span>e<span lang=\"el-GR\">&#8211;<\/span>e-mail<span lang=\"el-GR\">) nel campo speciale <\/span>notiziario<span lang=\"el-GR\"> per ricevere notizie e aggiornamenti dalla Societ\u00e0. <\/span><\/p>\n<p><span lang=\"el-GR\">Nell&#039;ambito dell&#039;utilizzo del Sito Web, la Societ\u00e0 pu\u00f2 legittimamente raccogliere dati personali dei propri utenti che rientrano nelle seguenti categorie:<\/span><\/p>\n<p><span lang=\"el-GR\">Dati personali che l&#039;utente (persona fisica) \u00e8 tenuto a fornire al momento della compilazione del Modulo di Contatto, al fine di contattare la Societ\u00e0. Nello specifico, per la compilazione del suddetto modulo di contatto sono richiesti i seguenti dati personali: Nome e cognome (obbligatorio), numero di telefono (obbligatorio), indirizzo email\/<\/span>e<span lang=\"el-GR\">&#8211;<\/span>e-mail<span lang=\"el-GR\">(obbligatorio) e tutti i dati che l&#039;utente inserisce nel messaggio che invia al link di comunicazione.<\/span><\/p>\n<p><span lang=\"el-GR\">Dati personali che il visitatore\/utente \u00e8 tenuto a compilare nei campi pertinenti, al fine di fissare un appuntamento con l&#039;azienda nel campo &quot;Prenota un appuntamento&quot;. Nello specifico, compilando i campi pertinenti dell&#039;invio della richiesta, il visitatore\/utente inserisce i seguenti dati: Nome, <\/span>e<span lang=\"el-GR\">&#8211;<\/span>e-mail<span lang=\"el-GR\">, numero di telefono di contatto e tutti i dati che l&#039;utente inserisce nella casella (Il tuo messaggio).<\/span><\/p>\n<p><span lang=\"el-GR\">Dati personali, come l&#039;indirizzo e-mail, che il visitatore\/utente \u00e8 tenuto a compilare per ricevere informazioni <\/span>e-mail<span lang=\"el-GR\"> per ricevere le ultime novit\u00e0 e offerte della Societ\u00e0 al suo indirizzo email personale.<\/span><\/p>\n<p><span lang=\"el-GR\">Dati personali che il visitatore\/utente \u00e8 tenuto a compilare negli appositi campi, dopo essersi collegato al Sito, utilizzando l&#039;indirizzo <\/span>e<span lang=\"el-GR\">&#8211;<\/span>e-mail<span lang=\"el-GR\"> e la password che l&#039;utente crea dopo aver effettuato l&#039;accesso tramite un account personale <\/span>Facebook<span lang=\"el-GR\"> o accedi tramite account <\/span>Google<span lang=\"el-GR\">Collegandosi a uno dei metodi sopra indicati, l&#039;utente crea un account personale sul Sito Web e pu\u00f2 quindi prenotare un appuntamento con la Societ\u00e0 tramite tale account. Per prenotare un appuntamento, gli viene richiesto di inserire dati personali quali nome e cognome (obbligatorio), numero di telefono (obbligatorio), data di nascita (obbligatorio) e di indicare se \u00e8 un nuovo paziente o meno (obbligatorio), nonch\u00e9 eventuali dati personali relativi a carte di debito\/credito, nell&#039;ambito del pagamento elettronico dei servizi scelti dall&#039;utente. In particolare, all&#039;utente viene richiesto di scegliere tra i seguenti metodi di pagamento: Carta di Credito\/Debito, Pagamento in Contanti presso la Clinica, Pagamento tramite Bonifico Bancario.<\/span><\/p>\n<p><span lang=\"el-GR\">La Societ\u00e0 si avvale inoltre del servizio di <\/span>Google<span lang=\"el-GR\">, \u201c<\/span>Google<span lang=\"el-GR\"> <\/span>Analisi<span lang=\"el-GR\">\u201d al fine di raccogliere informazioni aggiuntive relative al comportamento dell\u2019utente all\u2019interno del suo software, come il tempo trascorso sullo stesso e le sue varie funzioni, nonch\u00e9 registrare l\u2019utilizzo di alcune di esse, informazioni che tuttavia non costituiscono dati personali degli utenti dell\u2019applicazione ai sensi della normativa vigente in materia di dati personali.<\/span><\/p>\n<p><span lang=\"el-GR\">UTILIZZO DEI DATI PERSONALI<\/span><\/p>\n<p><span lang=\"el-GR\">La Societ\u00e0 \u00e8 responsabile della protezione dei dati personali raccolti tramite il Sito Web, nonch\u00e9 dell&#039;informazione di tutto il personale coinvolto in merito all&#039;Informativa sulla privacy.<\/span><\/p>\n<p><span lang=\"el-GR\">La Societ\u00e0 garantisce che tutto il suo personale nonch\u00e9 tutti i soci-soci che la compongono adotteranno fedelmente la presente Informativa sulla privacy e rispetteranno la normativa vigente in materia di protezione dei dati personali.<\/span><\/p>\n<p><span lang=\"el-GR\">Nello specifico, la Societ\u00e0 conserva un registro dei dati personali degli utenti sopra menzionati, in conformit\u00e0 a quanto richiesto dal nuovo Regolamento generale sulla protezione dei dati (UE 2016\/679, <\/span>GDPR<span lang=\"el-GR\">) e della Legge 4624\/2019. I Dati del visitatore\/utente del Sito registrati nell&#039;Archivio della Societ\u00e0 sono quelli dichiarati dall&#039;utente stesso (Soggetto) e con il suo esplicito consenso in sede di registrazione negli appositi campi del Sito, secondo quanto di seguito indicato.<\/span><\/p>\n<p><span lang=\"el-GR\">La registrazione dei dati personali richiesti dagli utenti avviene su base volontaria e i dati personali raccolti dalla Societ\u00e0 sono finalizzati alla loro identificazione al fine di comunicare con loro e interagire con loro in base alle particolari esigenze di ciascun utente nel contesto della prenotazione di un appuntamento medico o dell&#039;invio di messaggi informativi. <\/span>notiziario<span lang=\"el-GR\">La Societ\u00e0 si impegna a non trattare, pubblicare o trasmettere in altro modo o per altri scopi i dati personali dei visitatori\/utenti da essa legittimamente raccolti.<\/span><\/p>\n<p lang=\"el-GR\">\n<p><span lang=\"el-GR\">DIRITTI DELL&#039;UTENTE<\/span><\/p>\n<p><span lang=\"el-GR\">Il conferimento dei dati sopra indicati \u00e8 facoltativo in quanto sei tenuto a comunicarli solo se desideri contattare la Societ\u00e0, ricevere informazioni <\/span>notiziario<span lang=\"el-GR\"> o fissare un appuntamento medico. Il mancato conferimento dei dati e\/o il rifiuto di acconsentire ai termini del trattamento dei dati comporter\u00e0 l&#039;impossibilit\u00e0 di raccogliere i tuoi dati e di effettuare il trattamento per raggiungere le finalit\u00e0 sopra indicate.<\/span><\/p>\n<p>IL<span lang=\"el-GR\"> L&#039;utente conserva i diritti di: <\/span><\/p>\n<p><span lang=\"el-GR\">a) di ricevere una risposta scritta al quesito posto alla Societ\u00e0, qualora i dati personali che li riguardano siano o siano stati oggetto di trattamento, <\/span><\/p>\n<p><span lang=\"el-GR\">b) di essere informato senza indugio e in modo comprensibile e chiaro di tutti i dati che lo riguardano, della loro origine, delle finalit\u00e0 del trattamento, dei destinatari o delle categorie di destinatari, dello svolgimento del trattamento trascorso dalla precedente informazione o notifica, nonch\u00e9 della logica del trattamento automatizzato, <\/span><\/p>\n<p><span lang=\"el-GR\">c) richiedere la rettifica, la cancellazione o il blocco dei dati il cui trattamento non \u00e8 conforme alle disposizioni del nuovo Regolamento sulla protezione dei dati personali (<\/span>GDPR<span lang=\"el-GR\">), in particolare a causa della natura incompleta o inesatta dei dati e della comunicazione a terzi della suddetta correzione, cancellazione o blocco, sempre che ci\u00f2 non sia impossibile o non comporti sforzi sproporzionati, o se viene meno lo scopo del trattamento dei dati o gli interessati revocano il loro consenso (ove necessario), o quando i dati sono stati sottoposti a trattamento illecito, ecc. gli interessati hanno il diritto di chiedere la cancellazione dei dati, <\/span><\/p>\n<p><span lang=\"el-GR\">d) di revocare il consenso in qualsiasi momento,<\/span><\/p>\n<p><span lang=\"el-GR\">e) di opporsi in qualsiasi momento al Titolare del trattamento dei dati che lo riguardano, di chiedere la limitazione del trattamento, di conoscere gli estremi identificativi dei titolari del trattamento e dei loro rappresentanti,<\/span><\/p>\n<p><span lang=\"el-GR\">f) proporre reclamo all&#039;autorit\u00e0 di controllo competente in caso di trattamento illecito dei suoi dati personali,<\/span><\/p>\n<p><span lang=\"el-GR\">g) di richiedere la portabilit\u00e0 dei propri dati personali come definiti dalle disposizioni del Regolamento sulla protezione dei dati personali (<\/span>GDPR<span lang=\"el-GR\">(UE) 2016\/679.<\/span><\/p>\n<p><span lang=\"el-GR\">INFORMAZIONI CHE CONDIVIDIAMO<\/span><\/p>\n<p><span lang=\"el-GR\">La Societ\u00e0 non commercia, condivide, divulga, trasmette o distribuisce in alcun modo i dati personali degli utenti a terzi esterni alla Societ\u00e0. La trasmissione di dati personali a terzi \u00e8 consentita in via eccezionale solo quando richiesto dalla legge o in seguito a un ordine del tribunale o della pubblica accusa.<\/span><\/p>\n<p><span lang=\"el-GR\">DURATA DEL TRATTAMENTO<\/span><\/p>\n<p><span lang=\"el-GR\">I dati personali raccolti dagli utenti saranno archiviati e conservati dalla Societ\u00e0 per tutto il tempo necessario al conseguimento delle finalit\u00e0 per cui sono stati raccolti, che sar\u00e0 in ogni caso ragionevole.<\/span><\/p>\n<p lang=\"el-GR\">\n<p><span lang=\"el-GR\">PROCEDURA DI ECCEZIONE<\/span><\/p>\n<p><span lang=\"el-GR\">L&#039;utente si riserva il diritto di richiedere alla Societ\u00e0 la cancellazione di tutte le informazioni che lo riguardano in suo possesso, comunicando la propria richiesta al seguente indirizzo email: <\/span><span lang=\"en-US\">informazioni<\/span><span lang=\"el-GR\">@<\/span><span lang=\"en-US\">anti-invecchiamento<\/span><span lang=\"el-GR\">.<\/span><span lang=\"en-US\">gr<\/span><\/p>\n<p><span lang=\"el-GR\">Infine, l&#039;utente pu\u00f2 scegliere di non partecipare alla raccolta dei dati <\/span>Google<span lang=\"el-GR\"> <\/span>Biscotti<span lang=\"el-GR\"> modificando le sue impostazioni personali in <\/span>Google<span lang=\"el-GR\">&#8216;<\/span>S<span lang=\"el-GR\"> <\/span>Pubblicit\u00e0<span lang=\"el-GR\"> <\/span>Impostazioni<span lang=\"el-GR\">.<\/span><\/p>\n<p><span lang=\"el-GR\">CAMBIAMENTI<\/span><\/p>\n<p><span lang=\"el-GR\">La nostra Informativa sulla privacy pu\u00f2 subire modifiche nel tempo. Eventuali modifiche all&#039;Informativa sulla privacy del sito web saranno pubblicate su questo sito web.<\/span><\/p>\n<p lang=\"el-GR\">\n<p><span lang=\"el-GR\">DATI DI CONTATTO DELL&#039;AZIENDA: <\/span><\/p>\n<p><span lang=\"el-GR\">Responsabile: CLINICA PRIVATA DI CHIRURGIA PLASTICA VELIMVASAKIS MONOLOCALE IKE<\/span><\/p>\n<p><span lang=\"el-GR\">Referente: \u2026\u2026\u2026\u2026<\/span><\/p>\n<p lang=\"el-GR\">\n<p><span lang=\"el-GR\">Per domande e\/o richieste di comunicazione relative al presente aggiornamento (o eventuale modifica dei dati), al trattamento dei dati e\/o alla revoca del consenso, \u00e8 possibile contattare la Societ\u00e0, titolare del trattamento, scrivendo al seguente indirizzo email: <\/span><span lang=\"en-US\">informazioni<\/span><span lang=\"el-GR\">@<\/span><span lang=\"en-US\">anti-invecchiamento<\/span><span lang=\"el-GR\">.<\/span>gr<span lang=\"el-GR\"> e al numero: 210 6777101.<\/span><\/p>\n<p>[\/et_pb_text][\/et_pb_column][\/et_pb_row][\/et_pb_section]<\/p>","protected":false},"excerpt":{"rendered":"<p>\u03a0\u039f\u039b\u0399\u03a4\u0399\u039a\u0397 \u0391\u03a0\u039f\u03a1\u03a1\u0397\u03a4\u039f\u03a5\u0397 \u0392\u0395\u039b\u0397\u039c\u0392\u0391\u03a3\u0391\u039a\u0397\u03a3 \u0399\u0394\u03a9\u03a4\u0399\u039a\u039f \u0399\u0391\u03a4\u03a1\u0395\u0399\u039f \u03a0\u039b\u0391\u03a3\u03a4\u0399\u039a\u0397\u03a3 \u03a7\u0395\u0399\u03a1\u039f\u03a5\u03a1\u0393\u0399\u039a\u0397\u03a3 \u039c\u039f\u039d\u039f\u03a0\u03a1\u039f\u03a3\u03a9\u03a0\u0397 \u0399\u039a\u0395 \u03ba\u03b1\u03b9 \u03c4\u03bf\u03bd \u03b4.\u03c4. ANTIAGERS (\u03b5\u03c6\u03b5\u03be\u03ae\u03c2 \u03b7 \u00ab\u0395\u03c4\u03b1\u03b9\u03c1\u03b5\u03af\u03b1\u00bb), \u03b1\u03bd\u03b1\u03b3\u03bd\u03c9\u03c1\u03af\u03b6\u03b5\u03b9 \u03c0\u03bb\u03ae\u03c1\u03c9\u03c2 \u03c4\u03b7\u03bd \u03b1\u03bd\u03b1\u03b3\u03ba\u03b1\u03b9\u03cc\u03c4\u03b7\u03c4\u03b1 \u03c4\u03b7\u03c2 \u03b4\u03b9\u03b1\u03c3\u03c6\u03ac\u03bb\u03b9\u03c3\u03b7\u03c2 \u03c4\u03bf\u03c5 \u03b1\u03c0\u03bf\u03c1\u03c1\u03ae\u03c4\u03bf\u03c5 \u03c4\u03c9\u03bd \u03c0\u03c1\u03bf\u03c3\u03c9\u03c0\u03b9\u03ba\u03ce\u03bd \u03b4\u03b5\u03b4\u03bf\u03bc\u03ad\u03bd\u03c9\u03bd \u03c4\u03c9\u03bd \u03c7\u03c1\u03b7\u03c3\u03c4\u03ce\u03bd \u03c4\u03b7\u03c2 \u03c0\u03b1\u03c1\u03bf\u03cd\u03c3\u03b1\u03c2 \u03b9\u03c3\u03c4\u03bf\u03c3\u03b5\u03bb\u03af\u03b4\u03b1\u03c2 \u03c4\u03b7\u03c2 (\u03b5\u03c6\u03b5\u03be\u03ae\u03c2 \u03b7 \u00ab\u0399\u03c3\u03c4\u03bf\u03c3\u03b5\u03bb\u03af\u03b4\u03b1\u00bb) \u03b1\u03bb\u03bb\u03ac \u03ba\u03b1\u03b9 \u03c4\u03b7\u03c2 \u03b1\u03c3\u03c6\u03ac\u03bb\u03b5\u03b9\u03b1\u03c2 \u03c4\u03bf\u03c5\u03c2 \u03ba\u03b1\u03b9 \u03c9\u03c2 \u03b5\u03ba \u03c4\u03bf\u03cd\u03c4\u03bf\u03c5 \u03c0\u03c1\u03bf\u03b2\u03b1\u03af\u03bd\u03b5\u03b9 \u03c3\u03b5 \u03cc\u03bb\u03b5\u03c2 \u03b5\u03ba\u03b5\u03af\u03bd\u03b5\u03c2 \u03c4\u03b9\u03c2 \u03b1\u03c0\u03b1\u03c1\u03b1\u03af\u03c4\u03b7\u03c4\u03b5\u03c2 \u03b5\u03bd\u03ad\u03c1\u03b3\u03b5\u03b9\u03b5\u03c2 \u03b3\u03b9\u03b1 \u03c4\u03b7\u03bd \u03b5\u03c0\u03af\u03c4\u03b5\u03c5\u03be\u03b7 [&hellip;]<\/p>","protected":false},"author":1,"featured_media":0,"parent":0,"menu_order":0,"comment_status":"closed","ping_status":"closed","template":"","meta":{"_et_pb_use_builder":"on","_et_pb_old_content":"","_et_gb_content_width":"","footnotes":""},"class_list":["post-5804","page","type-page","status-publish","hentry"],"_links":{"self":[{"href":"https:\/\/theantiagers.gr\/it\/wp-json\/wp\/v2\/pages\/5804","targetHints":{"allow":["GET"]}}],"collection":[{"href":"https:\/\/theantiagers.gr\/it\/wp-json\/wp\/v2\/pages"}],"about":[{"href":"https:\/\/theantiagers.gr\/it\/wp-json\/wp\/v2\/types\/page"}],"author":[{"embeddable":true,"href":"https:\/\/theantiagers.gr\/it\/wp-json\/wp\/v2\/users\/1"}],"replies":[{"embeddable":true,"href":"https:\/\/theantiagers.gr\/it\/wp-json\/wp\/v2\/comments?post=5804"}],"version-history":[{"count":3,"href":"https:\/\/theantiagers.gr\/it\/wp-json\/wp\/v2\/pages\/5804\/revisions"}],"predecessor-version":[{"id":5807,"href":"https:\/\/theantiagers.gr\/it\/wp-json\/wp\/v2\/pages\/5804\/revisions\/5807"}],"wp:attachment":[{"href":"https:\/\/theantiagers.gr\/it\/wp-json\/wp\/v2\/media?parent=5804"}],"curies":[{"name":"wp","href":"https:\/\/api.w.org\/{rel}","templated":true}]}}