{"id":5808,"date":"2023-11-29T08:07:01","date_gmt":"2023-11-29T08:07:01","guid":{"rendered":"https:\/\/theantiagers.gr\/?page_id=5808"},"modified":"2023-11-29T08:08:20","modified_gmt":"2023-11-29T08:08:20","slug":"%ce%bf%cf%81%ce%bf%ce%b9-%cf%87%cf%81%ce%b7%cf%83%ce%b7%cf%82","status":"publish","type":"page","link":"https:\/\/theantiagers.gr\/it\/%ce%bf%cf%81%ce%bf%ce%b9-%cf%87%cf%81%ce%b7%cf%83%ce%b7%cf%82\/","title":{"rendered":"TERMINI DI UTILIZZO"},"content":{"rendered":"<p>[et_pb_section fb_built=&#8221;1&#8243; _builder_version=&#8221;4.23.1&#8243; _module_preset=&#8221;default&#8221; global_colors_info=&#8221;{}&#8221;][et_pb_row _builder_version=&#8221;4.23.1&#8243; _module_preset=&#8221;default&#8221; global_colors_info=&#8221;{}&#8221;][et_pb_column type=&#8221;4_4&#8243; _builder_version=&#8221;4.23.1&#8243; _module_preset=&#8221;default&#8221; global_colors_info=&#8221;{}&#8221;][et_pb_text _builder_version=&#8221;4.23.1&#8243; _module_preset=&#8221;default&#8221; hover_enabled=&#8221;0&#8243; global_colors_info=&#8221;{}&#8221; sticky_enabled=&#8221;0&#8243;]<\/p>\n<h2><span lang=\"el-GR\"><b>TERMINI DI UTILIZZO<\/b><\/span><\/h2>\n<p>[\/et_pb_text][\/et_pb_column][\/et_pb_row][et_pb_row _builder_version=&#8221;4.23.1&#8243; _module_preset=&#8221;default&#8221; global_colors_info=&#8221;{}&#8221; min_height=&#8221;2761.2px&#8221;][et_pb_column type=&#8221;4_4&#8243; _builder_version=&#8221;4.23.1&#8243; _module_preset=&#8221;default&#8221; global_colors_info=&#8221;{}&#8221;][et_pb_text _builder_version=&#8221;4.23.1&#8243; _module_preset=&#8221;default&#8221; hover_enabled=&#8221;0&#8243; global_colors_info=&#8221;{}&#8221; sticky_enabled=&#8221;0&#8243;]<\/p>\n<p><span lang=\"el-GR\">L&#039;utilizzo del presente sito web (di seguito denominato &quot;Sito web&quot;) \u00e8 regolato dai termini e dalle condizioni qui stabiliti e si applicano a tutti i suoi contenuti e alle sue singole pagine.<\/span><\/p>\n<p><span lang=\"el-GR\">La navigazione, l&#039;accesso o l&#039;utilizzo del Sito Web e di qualsiasi servizio disponibile attraverso di esso costituisce prova che avete studiato, compreso e accettato tutti i termini di utilizzo. Per questo motivo, siete invitati a leggerne attentamente il contenuto in anticipo. Qualora non siate d&#039;accordo con i termini di utilizzo del Sito Web, non dovete utilizzare i servizi e i contenuti dello stesso.<\/span><\/p>\n<p><span lang=\"el-GR\">Il presente contenuto del Sito Web appartiene esclusivamente alla Societ\u00e0 VELIMVASAKIS PRIVATE PLASTIC SURGERY CLINIC SOLE OWNER IKE e al numero ID <\/span><span lang=\"en-US\">ANTI-ET\u00c0<\/span><span lang=\"el-GR\"> (di seguito la &quot;Societ\u00e0&quot;) \u00e8 protetto dalle leggi e dalle convenzioni nazionali e internazionali, incluse, a titolo esemplificativo ma non esaustivo, le leggi sulla tutela della propriet\u00e0 intellettuale e dei marchi. Qualsiasi riproduzione, con qualsiasi mezzo, di parte o di tutto il contenuto di questo Sito Web, senza il previo consenso scritto della Societ\u00e0, \u00e8 espressamente vietata.<\/span><\/p>\n<p><span lang=\"el-GR\">CONDIZIONI D&#039;USO<\/span><\/p>\n<p><span lang=\"el-GR\">L&#039;accesso e l&#039;utilizzo del Sito Web e dei suoi contenuti sono di esclusiva responsabilit\u00e0 di ciascun visitatore\/utente. <\/span><\/p>\n<p><span lang=\"el-GR\">L&#039;utilizzo del Sito Web \u00e8 consentito solo a persone di et\u00e0 superiore ai 18 anni, in possesso di piena capacit\u00e0 giuridica. Utilizzando il Sito Web, l&#039;utente dichiara automaticamente di aver compiuto 18 anni.<\/span><\/p>\n<p><span lang=\"el-GR\">Il visitatore\/utente pu\u00f2 visitare i siti web gestiti e gestiti dalla Societ\u00e0 senza rivelare la propria identit\u00e0 e senza fornire alcuna informazione personale. In un&#039;area specifica del Sito Web, potrete inserire (di seguito &quot;utenti&quot;), se e quando lo desiderate, i dati personali richiesti nel modulo di contatto con la Societ\u00e0 per mettervi in contatto con uno dei nostri collaboratori competenti.<\/span><\/p>\n<p><span lang=\"el-GR\">LIMITAZIONE DI RESPONSABILIT\u00c0<\/span><\/p>\n<p><span lang=\"el-GR\">La Societ\u00e0, attraverso la creazione del Sito Web, si propone di informare il pubblico sulla Societ\u00e0 e sui suoi servizi.<\/span><\/p>\n<p><span lang=\"el-GR\">Le informazioni sui servizi e le soluzioni che troverete su questo sito web sono fornite dalla Societ\u00e0 e hanno scopo informativo generale. Le informazioni fornite non costituiscono informazioni mediche complete. <\/span><\/p>\n<p><span lang=\"el-GR\">Il Sito Web contiene informazioni sulle condizioni mediche e sulle relative opzioni di gestione. La Societ\u00e0 non garantisce che il materiale presente sul Sito Web sia appropriato o disponibile per l&#039;uso al di fuori dell&#039;area di pubblico prevista. Inoltre, nulla sul Sito Web deve essere interpretato come fornitura di alcun tipo di consiglio o raccomandazione medica e non deve essere utilizzato come base per alcuna decisione o azione. Si consiglia sempre di richiedere un consulto medico specifico a un medico adeguatamente qualificato. Il contenuto di questo sito Web non sostituisce in alcun modo una consulenza medica personalizzata, una diagnosi, una prognosi o una soluzione.<\/span><\/p>\n<p><span lang=\"el-GR\">La Societ\u00e0 si impegna a garantire l&#039;accuratezza delle informazioni sui servizi forniti sul Sito Web. Tuttavia, sono possibili discrepanze. Per qualsiasi domanda o commento riguardante il contenuto delle descrizioni dei servizi, vi consigliamo di contattarci. <\/span><\/p>\n<p><span lang=\"el-GR\">Il visitatore\/utente si assume tutti i rischi derivanti dall&#039;accesso e dall&#039;utilizzo del Sito Web. La Societ\u00e0 e qualsiasi parte che abbia partecipato alla creazione, progettazione o fornitura di questo Sito Web non saranno responsabili per eventuali danni al visitatore\/utente, inclusi, a titolo esemplificativo ma non esaustivo, danni diretti, indiretti, incidentali, consequenziali o di altro tipo che possano derivare da qualsiasi accesso, utilizzo o incapacit\u00e0 di utilizzare questo Sito Web, a meno che non venga dimostrato che l&#039;omissione sia dovuta a frode da parte della direzione della Societ\u00e0 con l&#039;intenzione di causare danni a uno specifico visitatore\/utente. L&#039;esclusione di responsabilit\u00e0 include anche i danni causati da qualsiasi trasmissione di virus alle apparecchiature elettroniche dell&#039;utente.<\/span><\/p>\n<p><span lang=\"el-GR\">Infine, in nessun caso la Societ\u00e0 \u00e8 responsabile per eventuali pretese di natura legale o civile e\/o penale n\u00e9 per eventuali danni (positivi, speciali o consequenziali che, a titolo indicativo e non limitativo, alternativamente e\/o cumulativamente consistono in perdita di profitti, dati, mancati profitti, soddisfazione finanziaria, ecc.) derivanti da visitatori\/utenti del Sito Web o da terzi per qualsiasi ragione correlati al funzionamento o all&#039;uso del Sito Web, anche se la Societ\u00e0 ne sia informata.<\/span><\/p>\n<p><span lang=\"el-GR\">COPYRIGHT<\/span><\/p>\n<p><span lang=\"el-GR\">Il presente contenuto del Sito Web, comprese informazioni, marchi o loghi della Societ\u00e0, costituisce propriet\u00e0 intellettuale della Societ\u00e0, protetta in conformit\u00e0 alle leggi nazionali ed europee in materia di propriet\u00e0 intellettuale applicabili (Legge 2121\/1993, Direttive 2000\/31\/CE, 2001\/29\/CE, 2017\/1564, 2019\/790 e Legge 4679\/2020). Pertanto, qualsiasi copia, riproduzione, vendita, pubblicazione o in generale qualsiasi sfruttamento commerciale o di altro tipo illegale di questo Sito Web e del suo contenuto non \u00e8 consentita senza la previa autorizzazione scritta della Societ\u00e0, in caso contrario il visitatore\/utente sar\u00e0 tenuto a risarcire la Societ\u00e0, in conformit\u00e0 con quanto previsto, a titolo esemplificativo ma non esaustivo, dalle leggi pertinenti di cui sopra. Qualsiasi atto od omissione che possa comportare la violazione della propriet\u00e0 intellettuale e industriale della Societ\u00e0 potr\u00e0 costituire causa di danni positivi o consequenziali, e perfino di responsabilit\u00e0 penale dei trasgressori, come previsto dalla Legge 2121\/1993, nonch\u00e9 dalla normativa europea in materia.<\/span><\/p>\n<p><span lang=\"el-GR\">Il contenuto del Sito Web \u00e8 messo a disposizione dei visitatori\/utenti per uso personale ed \u00e8 vietato divulgarlo per scopi commerciali.<\/span><\/p>\n<p><span lang=\"el-GR\">MODIFICHE AL SITO WEB<\/span><\/p>\n<p><span lang=\"el-GR\">La Societ\u00e0, al fine di ottimizzare le modalit\u00e0 di comunicazione e l&#039;erogazione dei propri servizi, pu\u00f2 modificare la funzionalit\u00e0 e alcune caratteristiche del Sito Web, modificando contestualmente i relativi termini e condizioni in qualsiasi momento e senza preavviso. Qualora vengano apportate modifiche ai termini di utilizzo, la Societ\u00e0 pubblicher\u00e0 online la versione attualmente in vigore dei termini di utilizzo, mentre l&#039;utilizzo continuato del Sito Web o dei suoi servizi sar\u00e0 considerato come accettazione dei nuovi termini. Per questo motivo, ogni visitatore\/utente \u00e8 invitato a consultare regolarmente i termini di utilizzo.<\/span><\/p>\n<p><span lang=\"el-GR\">Le condizioni d&#039;uso pi\u00f9 recenti sono quelle vigenti e giuridicamente vincolanti.<\/span><\/p>\n<p><span lang=\"el-GR\">GIURISDIZIONE<\/span><\/p>\n<p><span lang=\"el-GR\">Il visitatore\/utente del Sito Web accetta espressamente che la giurisdizione e la competenza esclusiva per qualsiasi controversia derivante dall&#039;applicazione dei termini e dall&#039;uso generale del Sito Web siano i Tribunali di Atene e che sia applicabile la legge greca. Qualora uno qualsiasi dei termini di cui sopra venga dichiarato invalido da una sentenza del tribunale, ci\u00f2 non pregiudica la validit\u00e0 e l&#039;efficacia dei restanti termini, che rimangono pienamente validi e validi. Analogamente, qualora alcuni termini di utilizzo diventino inapplicabili, la validit\u00e0 e\/o l&#039;efficacia dei restanti termini non ne saranno pregiudicate. I termini invalidi e\/o inapplicabili saranno sostituiti con nuovi termini, in modo che diventino validi e applicabili nella massima misura possibile.<\/span><\/p>\n<p><span lang=\"el-GR\">CONNESSIONI<\/span><\/p>\n<p><span lang=\"el-GR\">Qualora il sito web fornisca ora o in futuro l&#039;accesso a siti web di terze parti tramite link, ci\u00f2 avverr\u00e0 esclusivamente per la comodit\u00e0 dei visitatori\/utenti, mentre l&#039;utilizzo di tali link sar\u00e0 di esclusiva responsabilit\u00e0 dei visitatori\/utenti e i siti web corrispondenti saranno soggetti ai propri termini di utilizzo, per i quali la Societ\u00e0 non si assume alcuna responsabilit\u00e0. La Societ\u00e0 non \u00e8 inoltre responsabile per errori o malfunzionamenti di siti web di terze parti, nonch\u00e9 per eventuali danni arrecati agli utenti dall&#039;accesso e dall&#039;utilizzo dei servizi forniti attraverso di essi.<\/span><\/p>\n<p><span lang=\"el-GR\">PROTEZIONE DEI DATI PERSONALI<\/span><\/p>\n<p><span lang=\"el-GR\">Parte integrante e vincolante delle presenti condizioni d&#039;uso \u00e8 l&#039;Informativa sulla privacy del Sito Web, che definisce in dettaglio la protezione dei dati personali che ci fornite. La Societ\u00e0 si impegna a garantire un elevato livello di protezione dei dati personali del visitatore\/utente del Sito Web, in conformit\u00e0 con i requisiti della normativa nazionale e comunitaria in materia di protezione dei dati personali, e in particolare del Regolamento generale sulla protezione dei dati (UE) 2016\/679 (GDPR) e delle relative disposizioni applicabili e della Legge 4624\/2019. <\/span><\/p>\n<p><span lang=\"el-GR\">Il visitatore\/utente, accettando le presenti condizioni d&#039;uso e inserendo i propri dati personali, se lo desidera, nei campi corrispondenti del Sito Web in cui \u00e8 prevista l&#039;opzione corrispondente (modulo di contatto, campo &quot;fissa un appuntamento&quot;, modulo newsletter) presta il suo consenso esplicito, chiaro e libero in merito alla raccolta dei suoi dati personali per il trattamento degli stessi in base alle finalit\u00e0 di trattamento pertinenti descritte in dettaglio nell&#039;Informativa sulla privacy della Societ\u00e0, nel contesto dell&#039;uso e dello sfruttamento delle funzionalit\u00e0 del Sito Web, mantenendo comunque il diritto di accesso e di opposizione al loro trattamento mediante la presentazione di una richiesta pertinente per la loro correzione, utilizzo temporaneo, blocco, non trasmissione o cancellazione, a condizione, tra l&#039;altro, che i dati personali non siano pi\u00f9 necessari in relazione alle finalit\u00e0 per le quali sono stati raccolti. Inoltre, il visitatore\/utente conserva i suoi diritti di: a) opporsi al trattamento dei dati personali che lo riguardano, b) ricevere una risposta scritta (entro un breve lasso di tempo) alla sua domanda alla Societ\u00e0 se i dati personali che lo riguardano sono o sono stati oggetto di trattamento, c) essere informato sullo stato di avanzamento del trattamento per il periodo trascorso dalla sua precedente notifica o informativa nonch\u00e9 sulla logica del trattamento automatizzato dei suoi dati personali e d) richiedere la portabilit\u00e0 dei suoi dati personali, in conformit\u00e0 con le disposizioni del Regolamento generale sulla protezione dei dati europeo (UE) 2016\/679 (GDPR) e della Legge 4624\/2019 e) presentare un reclamo all&#039;Autorit\u00e0 greca per la protezione dei dati personali se ritiene che i suoi diritti in materia di protezione dei suoi dati personali siano stati violati.<\/span><\/p>\n<p><span lang=\"el-GR\">POLITICA DI CANCELLAZIONE DEI DATI <\/span><\/p>\n<p><span lang=\"el-GR\">Il visitatore\/utente, qualora desideri cancellare definitivamente i propri dati personali inseriti negli appositi campi del Sito ove \u00e8 prevista l&#039;opzione in questione (modulo di contatto, campo &quot;prenota appuntamento&quot;, modulo newsletter), pu\u00f2 contattarlo tramite e-mail all&#039;indirizzo info@<\/span><span lang=\"en-US\">anti-invecchiamento<\/span><span lang=\"el-GR\">.gr<\/span><\/p>\n<p lang=\"el-GR\">\n<p><span lang=\"el-GR\">CONTATTA L&#039;AZIENDA<\/span><\/p>\n<p><span lang=\"el-GR\">Per inviare qualsiasi richiesta, inclusa la comunicazione con l&#039;amministratore del Sito, informazioni, chiarimenti, richiesta di utilizzo e riproduzione di una parte del Sito, \u00e8 possibile contattare il servizio clienti al numero 2106929999 o inviare un&#039;e-mail a: <\/span><a href=\"mailto:info@antiagers.gr\"><span style=\"color: #0563c1;\"><u><span lang=\"el-GR\">informazioni@<\/span><\/u><\/span><span style=\"color: #0563c1;\"><u><span lang=\"en-US\">anti-invecchiamento<\/span><\/u><\/span><span style=\"color: #0563c1;\"><u><span lang=\"el-GR\">.<\/span><\/u><\/span><span style=\"color: #0563c1;\"><u><span lang=\"en-US\">gr<\/span><\/u><\/span><\/a><\/p>\n<p lang=\"el-GR\">[\/et_pb_text][\/et_pb_column][\/et_pb_row][\/et_pb_section]<\/p>","protected":false},"excerpt":{"rendered":"<p>\u039f\u03a1\u039f\u0399 \u03a7\u03a1\u0397\u03a3\u0397\u03a3\u0397 \u03c7\u03c1\u03ae\u03c3\u03b7 \u03c4\u03b7\u03c2 \u03c0\u03b1\u03c1\u03bf\u03cd\u03c3\u03b1\u03c2 \u03b9\u03c3\u03c4\u03bf\u03c3\u03b5\u03bb\u03af\u03b4\u03b1\u03c2 (\u03b5\u03c6\u03b5\u03be\u03ae\u03c2 \u03b7 \u00ab\u0399\u03c3\u03c4\u03bf\u03c3\u03b5\u03bb\u03af\u03b4\u03b1\u00bb) \u03b4\u03b9\u03ad\u03c0\u03b5\u03c4\u03b1\u03b9 \u03b1\u03c0\u03cc \u03c4\u03bf\u03c5\u03c2 \u03cc\u03c1\u03bf\u03c5\u03c2 \u03ba\u03b1\u03b9 \u03c0\u03c1\u03bf\u03cb\u03c0\u03bf\u03b8\u03ad\u03c3\u03b5\u03b9\u03c2 \u03c0\u03bf\u03c5 \u03c0\u03b1\u03c1\u03b1\u03c4\u03af\u03b8\u03b5\u03bd\u03c4\u03b1\u03b9 \u03c3\u03c4\u03bf \u03c0\u03b1\u03c1\u03cc\u03bd \u03ba\u03b1\u03b9 \u03b9\u03c3\u03c7\u03cd\u03bf\u03c5\u03bd \u03b3\u03b9\u03b1 \u03c4\u03bf \u03c3\u03cd\u03bd\u03bf\u03bb\u03bf \u03c4\u03bf\u03c5 \u03c0\u03b5\u03c1\u03b9\u03b5\u03c7\u03bf\u03bc\u03ad\u03bd\u03bf\u03c5 \u03c4\u03b7\u03c2 \u03ba\u03b1\u03b9 \u03c4\u03c9\u03bd \u03b5\u03c0\u03b9\u03bc\u03ad\u03c1\u03bf\u03c5\u03c2 \u03c3\u03b5\u03bb\u03af\u03b4\u03c9\u03bd \u03c4\u03b7\u03c2. \u0397 \u03c0\u03b5\u03c1\u03b9\u03ae\u03b3\u03b7\u03c3\u03b7, \u03b7 \u03c0\u03c1\u03cc\u03c3\u03b2\u03b1\u03c3\u03b7 \u03ae \u03b7 \u03c7\u03c1\u03ae\u03c3\u03b7 \u03c4\u03b7\u03c2 \u0399\u03c3\u03c4\u03bf\u03c3\u03b5\u03bb\u03af\u03b4\u03b1\u03c2 \u03ba\u03b1\u03b9 \u03c4\u03c9\u03bd \u03cc\u03c0\u03bf\u03b9\u03c9\u03bd \u03c5\u03c0\u03b7\u03c1\u03b5\u03c3\u03b9\u03ce\u03bd \u03b4\u03b9\u03b1\u03c4\u03af\u03b8\u03b5\u03bd\u03c4\u03b1\u03b9 \u03bc\u03ad\u03c3\u03c9 \u03b1\u03c5\u03c4\u03ae\u03c2 \u03b1\u03c0\u03bf\u03c4\u03b5\u03bb\u03b5\u03af \u03c4\u03b5\u03ba\u03bc\u03ae\u03c1\u03b9\u03bf \u03cc\u03c4\u03b9 \u03ad\u03c7\u03b5\u03c4\u03b5 \u03bc\u03b5\u03bb\u03b5\u03c4\u03ae\u03c3\u03b5\u03b9, \u03ba\u03b1\u03c4\u03b1\u03bd\u03bf\u03ae\u03c3\u03b5\u03b9 \u03ba\u03b1\u03b9 [&hellip;]<\/p>","protected":false},"author":1,"featured_media":0,"parent":0,"menu_order":0,"comment_status":"closed","ping_status":"closed","template":"","meta":{"_et_pb_use_builder":"on","_et_pb_old_content":"","_et_gb_content_width":"","footnotes":""},"class_list":["post-5808","page","type-page","status-publish","hentry"],"_links":{"self":[{"href":"https:\/\/theantiagers.gr\/it\/wp-json\/wp\/v2\/pages\/5808","targetHints":{"allow":["GET"]}}],"collection":[{"href":"https:\/\/theantiagers.gr\/it\/wp-json\/wp\/v2\/pages"}],"about":[{"href":"https:\/\/theantiagers.gr\/it\/wp-json\/wp\/v2\/types\/page"}],"author":[{"embeddable":true,"href":"https:\/\/theantiagers.gr\/it\/wp-json\/wp\/v2\/users\/1"}],"replies":[{"embeddable":true,"href":"https:\/\/theantiagers.gr\/it\/wp-json\/wp\/v2\/comments?post=5808"}],"version-history":[{"count":2,"href":"https:\/\/theantiagers.gr\/it\/wp-json\/wp\/v2\/pages\/5808\/revisions"}],"predecessor-version":[{"id":5810,"href":"https:\/\/theantiagers.gr\/it\/wp-json\/wp\/v2\/pages\/5808\/revisions\/5810"}],"wp:attachment":[{"href":"https:\/\/theantiagers.gr\/it\/wp-json\/wp\/v2\/media?parent=5808"}],"curies":[{"name":"wp","href":"https:\/\/api.w.org\/{rel}","templated":true}]}}